{"id":78,"date":"2020-09-01T10:22:26","date_gmt":"2020-09-01T10:22:26","guid":{"rendered":"http:\/\/pro-ide.fr\/playdoier-2\/"},"modified":"2021-03-18T20:01:09","modified_gmt":"2021-03-18T19:01:09","slug":"plaidoyer-2","status":"publish","type":"page","link":"https:\/\/pro-ide.fr\/en\/advocacy\/","title":{"rendered":"Advocacy"},"content":{"rendered":"<div class=\"nicepage-container\"><div class=\"\" style=\"\" >        <script>\n            (function ($) {\n                var ResponsiveCms = window.ResponsiveCms;\n                if (!ResponsiveCms) {\n                    return;\n                }\n                ResponsiveCms.contentDom = $('script:last').parent();\n                ResponsiveCms.prevMode = \"XL\";\n\n                if (typeof ResponsiveCms.recalcClasses === 'function') {\n                    ResponsiveCms.recalcClasses();\n                }\n            })(jQuery);\n        <\/script>\n        \n  \n    \n    <section class=\"u-clearfix u-section-2\" id=\"sec-13e8\">\n      <div class=\"u-clearfix u-sheet u-sheet-1\">\n        <div class=\"u-clearfix u-expanded-width u-gutter-0 u-layout-wrap u-layout-wrap-1\">\n          <div class=\"u-layout\">\n            <div class=\"u-layout-row\">\n              <div class=\"u-container-style u-expand-resize u-layout-cell u-left-cell u-size-30 u-layout-cell-1\">\n                <div class=\"u-container-layout u-container-layout-1\">\n                  <img decoding=\"async\" class=\"u-image u-image-1\" src=\"https:\/\/pro-ide.fr\/wp-content\/uploads\/2020\/09\/2playdoiei.jpg\">\n                <\/div>\n              <\/div>\n              <div class=\"u-align-left u-container-style u-layout-cell u-right-cell u-size-30 u-layout-cell-2\">\n                <div class=\"u-container-layout u-valign-middle u-container-layout-2\">\n                  <h5 class=\"u-text u-text-1\">Rich experience in France<\/h5>\n                  <h2 class=\"u-text u-text-2\">Advocacy<\/h2>\n                  <h4 class=\"u-text u-text-3\"> for Human Rights<\/h4>\n                  <p class=\"u-text u-text-4\">Translations, information. But also professional communications and advocacy services because this website is conceived and run by Elda Spaho Bleta, journalist and expert in communications and advocacy in Albania, Kosovo, the Balkans and France since 2001.\nIf you need to speak to immigrants in a way and in a language that they understand so that you are more productive in your projects and endeavors, then you are in the right hands. We offer you a complete combination of experience in France with the one from immigration source countries. We know how to explain and propose products and services tailored to the French context, seen through the eyes of immigrants. We understand and speak both of these \"languages\".\nBut our offer in communication is not limited to the field of immigration: we devise personalized communication and advocacy strategies, awareness and civil engagement campaigns in human rights. <\/p>\n                <\/div>\n              <\/div>\n            <\/div>\n          <\/div>\n        <\/div>\n      <\/div>\n    <\/section>\n    <section class=\"u-clearfix u-section-3\" id=\"sec-a254\">\n      <div class=\"u-clearfix u-sheet u-valign-middle u-sheet-1\">\n        <blockquote class=\"u-text u-text-default u-text-1\">We design personalized communication and advocacy strategies, awareness and citizens\u2019 engagement campaigns. <\/blockquote>\n      <\/div>\n    <\/section>\n    \n    \n  \n<\/div><\/div>","protected":false},"excerpt":{"rendered":"<p>Riche exp\u00e9riences en France Plaidoyer pour les Droits de l\u2019Homme Traduction, information. Mais aussi des services professionnels de communication et de plaidoyer. Ce site web est con\u00e7u et dirig\u00e9 par Elda Spaho Bleta, journaliste et experte en communication et plaidoyer en Albanie, Kosovo, Mac\u00e9doine et France depuis 2001. Si vous avez besoin de parler aux [&hellip;]<\/p>","protected":false},"author":1,"featured_media":0,"parent":0,"menu_order":10,"comment_status":"closed","ping_status":"closed","template":"","meta":{"_uag_custom_page_level_css":"","_uf_show_specific_survey":0,"_uf_disable_surveys":false,"site-sidebar-layout":"default","site-content-layout":"default","ast-site-content-layout":"","site-content-style":"default","site-sidebar-style":"default","ast-global-header-display":"","ast-banner-title-visibility":"","ast-main-header-display":"","ast-hfb-above-header-display":"","ast-hfb-below-header-display":"","ast-hfb-mobile-header-display":"","site-post-title":"","ast-breadcrumbs-content":"","ast-featured-img":"","footer-sml-layout":"","theme-transparent-header-meta":"default","adv-header-id-meta":"","stick-header-meta":"","header-above-stick-meta":"","header-main-stick-meta":"","header-below-stick-meta":"","astra-migrate-meta-layouts":"default","ast-page-background-enabled":"default","ast-page-background-meta":{"desktop":{"background-color":"","background-image":"","background-repeat":"repeat","background-position":"center center","background-size":"auto","background-attachment":"scroll","background-type":"","background-media":"","overlay-type":"","overlay-color":"","overlay-opacity":"","overlay-gradient":""},"tablet":{"background-color":"","background-image":"","background-repeat":"repeat","background-position":"center center","background-size":"auto","background-attachment":"scroll","background-type":"","background-media":"","overlay-type":"","overlay-color":"","overlay-opacity":"","overlay-gradient":""},"mobile":{"background-color":"","background-image":"","background-repeat":"repeat","background-position":"center center","background-size":"auto","background-attachment":"scroll","background-type":"","background-media":"","overlay-type":"","overlay-color":"","overlay-opacity":"","overlay-gradient":""}},"ast-content-background-meta":{"desktop":{"background-color":"var(--ast-global-color-5)","background-image":"","background-repeat":"repeat","background-position":"center center","background-size":"auto","background-attachment":"scroll","background-type":"","background-media":"","overlay-type":"","overlay-color":"","overlay-opacity":"","overlay-gradient":""},"tablet":{"background-color":"var(--ast-global-color-5)","background-image":"","background-repeat":"repeat","background-position":"center center","background-size":"auto","background-attachment":"scroll","background-type":"","background-media":"","overlay-type":"","overlay-color":"","overlay-opacity":"","overlay-gradient":""},"mobile":{"background-color":"var(--ast-global-color-5)","background-image":"","background-repeat":"repeat","background-position":"center center","background-size":"auto","background-attachment":"scroll","background-type":"","background-media":"","overlay-type":"","overlay-color":"","overlay-opacity":"","overlay-gradient":""}},"footnotes":""},"uagb_featured_image_src":{"full":false,"thumbnail":false,"medium":false,"medium_large":false,"large":false,"1536x1536":false,"2048x2048":false,"trp-custom-language-flag":false},"uagb_author_info":{"display_name":"Elda Spaho Bleta","author_link":"https:\/\/pro-ide.fr\/en\/author\/admin\/"},"uagb_comment_info":0,"uagb_excerpt":"Riche exp\u00e9riences en France Plaidoyer pour les Droits de l\u2019Homme Traduction, information. Mais aussi des services professionnels de communication et de plaidoyer. Ce site web est con\u00e7u et dirig\u00e9 par Elda Spaho Bleta, journaliste et experte en communication et plaidoyer en Albanie, Kosovo, Mac\u00e9doine et France depuis 2001. Si vous avez besoin de parler aux&hellip;","_links":{"self":[{"href":"https:\/\/pro-ide.fr\/en\/wp-json\/wp\/v2\/pages\/78"}],"collection":[{"href":"https:\/\/pro-ide.fr\/en\/wp-json\/wp\/v2\/pages"}],"about":[{"href":"https:\/\/pro-ide.fr\/en\/wp-json\/wp\/v2\/types\/page"}],"author":[{"embeddable":true,"href":"https:\/\/pro-ide.fr\/en\/wp-json\/wp\/v2\/users\/1"}],"replies":[{"embeddable":true,"href":"https:\/\/pro-ide.fr\/en\/wp-json\/wp\/v2\/comments?post=78"}],"version-history":[{"count":9,"href":"https:\/\/pro-ide.fr\/en\/wp-json\/wp\/v2\/pages\/78\/revisions"}],"predecessor-version":[{"id":709,"href":"https:\/\/pro-ide.fr\/en\/wp-json\/wp\/v2\/pages\/78\/revisions\/709"}],"wp:attachment":[{"href":"https:\/\/pro-ide.fr\/en\/wp-json\/wp\/v2\/media?parent=78"}],"curies":[{"name":"wp","href":"https:\/\/api.w.org\/{rel}","templated":true}]}}