{"id":74,"date":"2020-09-01T10:22:22","date_gmt":"2020-09-01T10:22:22","guid":{"rendered":"http:\/\/pro-ide.fr\/informations-2\/"},"modified":"2021-03-18T20:36:44","modified_gmt":"2021-03-18T19:36:44","slug":"informations-2","status":"publish","type":"page","link":"https:\/\/pro-ide.fr\/en\/informations-2\/","title":{"rendered":"Information"},"content":{"rendered":"<div class=\"nicepage-container\"><div class=\"\" style=\"\" >        <script>\n            (function ($) {\n                var ResponsiveCms = window.ResponsiveCms;\n                if (!ResponsiveCms) {\n                    return;\n                }\n                ResponsiveCms.contentDom = $('script:last').parent();\n                ResponsiveCms.prevMode = \"XL\";\n\n                if (typeof ResponsiveCms.recalcClasses === 'function') {\n                    ResponsiveCms.recalcClasses();\n                }\n            })(jQuery);\n        <\/script>\n        \n  \n    \n    <section class=\"u-clearfix u-section-2\" id=\"sec-f46b\">\n      <div class=\"u-clearfix u-sheet u-sheet-1\">\n        <div class=\"u-clearfix u-expanded-width u-gutter-10 u-layout-wrap u-layout-wrap-1\">\n          <div class=\"u-layout\" style=\"\">\n            <div class=\"u-layout-row\" style=\"\">\n              <div class=\"u-align-left u-container-style u-layout-cell u-left-cell u-size-30 u-size-xs-60 u-layout-cell-1\" src=\"\">\n                <div class=\"u-container-layout u-valign-top u-container-layout-1\" src=\"\">\n                  <img decoding=\"async\" class=\"u-expand-resize u-expanded-width u-image u-image-1\" src=\"https:\/\/pro-ide.fr\/wp-content\/uploads\/2020\/09\/1.jpg\" data-image-width=\"278\" data-image-height=\"111\">\n                <\/div>\n              <\/div>\n              <div class=\"u-align-left u-container-style u-layout-cell u-right-cell u-size-30 u-size-xs-60 u-white u-layout-cell-2\">\n                <div class=\"u-container-layout u-valign-middle u-container-layout-2\">\n                  <h5 class=\"u-text u-text-1\">Articles<\/h5>\n                  <h2 class=\"u-text u-text-2\">Information<\/h2>\n                  <h4 class=\"u-text u-text-3\"> Blog is the heart of our platform<\/h4>\n                  <p class=\"u-text u-text-4\">Our second promise, after the one of the high quality, is this: we will never publish data that does not serve human rights. Each line of this website will be devoted to the dissemination of necessary, reliable, verifiable, easily accessible information. So it will be a communication at the benefit of rights, culture and social responsibility.\nThis is not a news platform, but a practical information one. Blog is the heart of our website. We will regularly publish articles, always in 3 languages, on the various legal immigration procedures in France and on the peculiarities of life in this country. How to apply for a residence permit? When to work? Where? How can children get enrolled in school? What is the asylum procedure? Where to learn French online? When can one visits museums and galleries for free? How to become members of associations in Nancy and Grand-Est? What medical service to receive? Where to get free legal aid? The questions are endless because immigration\u2019s procedures are endless. On the other hand, France has a detailed legal framework, which should be well explained.\nMoreover, we are completely open to your needs. You can ask us any questions you may have by sending them through the \"Contact Us\" section at the bottom of home, on the right.<\/p>\n                <\/div>\n              <\/div>\n            <\/div>\n          <\/div>\n        <\/div>\n      <\/div>\n    <\/section>\n    <section class=\"u-clearfix u-section-3\" id=\"sec-ef87\">\n      <div class=\"u-clearfix u-sheet u-sheet-1\">\n        <blockquote class=\"u-text u-text-default u-text-1\">\"We will never publish informations that do not serve for Human Rights.\"<\/blockquote>\n      <\/div>\n    <\/section>\n    \n    \n  \n<\/div><\/div>","protected":false},"excerpt":{"rendered":"<p>Des articles Informations Le blog est le c\u0153ur de notre site-web Notre deuxi\u00e8me promesse, apr\u00e8s celle de la haute qualit\u00e9, est celle-ci: nous n\u2019allons jamais publier des donn\u00e9es qui ne servent pas aux Droits de l\u2019Homme. Chaque ligne de ce site-web sera consacr\u00e9e au partage des histoires et informations n\u00e9cessaires, fiables, v\u00e9rifiables et simples d\u2019acc\u00e8s. [&hellip;]<\/p>","protected":false},"author":1,"featured_media":0,"parent":0,"menu_order":6,"comment_status":"closed","ping_status":"closed","template":"","meta":{"_uag_custom_page_level_css":"","_uf_show_specific_survey":0,"_uf_disable_surveys":false,"site-sidebar-layout":"right-sidebar","site-content-layout":"boxed-container","ast-site-content-layout":"","site-content-style":"default","site-sidebar-style":"default","ast-global-header-display":"","ast-banner-title-visibility":"","ast-main-header-display":"","ast-hfb-above-header-display":"","ast-hfb-below-header-display":"","ast-hfb-mobile-header-display":"","site-post-title":"","ast-breadcrumbs-content":"","ast-featured-img":"","footer-sml-layout":"","theme-transparent-header-meta":"default","adv-header-id-meta":"","stick-header-meta":"","header-above-stick-meta":"","header-main-stick-meta":"","header-below-stick-meta":"","astra-migrate-meta-layouts":"default","ast-page-background-enabled":"default","ast-page-background-meta":{"desktop":{"background-color":"","background-image":"","background-repeat":"repeat","background-position":"center center","background-size":"auto","background-attachment":"scroll","background-type":"","background-media":"","overlay-type":"","overlay-color":"","overlay-opacity":"","overlay-gradient":""},"tablet":{"background-color":"","background-image":"","background-repeat":"repeat","background-position":"center center","background-size":"auto","background-attachment":"scroll","background-type":"","background-media":"","overlay-type":"","overlay-color":"","overlay-opacity":"","overlay-gradient":""},"mobile":{"background-color":"","background-image":"","background-repeat":"repeat","background-position":"center center","background-size":"auto","background-attachment":"scroll","background-type":"","background-media":"","overlay-type":"","overlay-color":"","overlay-opacity":"","overlay-gradient":""}},"ast-content-background-meta":{"desktop":{"background-color":"var(--ast-global-color-5)","background-image":"","background-repeat":"repeat","background-position":"center center","background-size":"auto","background-attachment":"scroll","background-type":"","background-media":"","overlay-type":"","overlay-color":"","overlay-opacity":"","overlay-gradient":""},"tablet":{"background-color":"var(--ast-global-color-5)","background-image":"","background-repeat":"repeat","background-position":"center center","background-size":"auto","background-attachment":"scroll","background-type":"","background-media":"","overlay-type":"","overlay-color":"","overlay-opacity":"","overlay-gradient":""},"mobile":{"background-color":"var(--ast-global-color-5)","background-image":"","background-repeat":"repeat","background-position":"center center","background-size":"auto","background-attachment":"scroll","background-type":"","background-media":"","overlay-type":"","overlay-color":"","overlay-opacity":"","overlay-gradient":""}},"footnotes":""},"uagb_featured_image_src":{"full":false,"thumbnail":false,"medium":false,"medium_large":false,"large":false,"1536x1536":false,"2048x2048":false,"trp-custom-language-flag":false},"uagb_author_info":{"display_name":"Elda Spaho Bleta","author_link":"https:\/\/pro-ide.fr\/en\/author\/admin\/"},"uagb_comment_info":0,"uagb_excerpt":"Des articles Informations Le blog est le c\u0153ur de notre site-web Notre deuxi\u00e8me promesse, apr\u00e8s celle de la haute qualit\u00e9, est celle-ci: nous n\u2019allons jamais publier des donn\u00e9es qui ne servent pas aux Droits de l\u2019Homme. Chaque ligne de ce site-web sera consacr\u00e9e au partage des histoires et informations n\u00e9cessaires, fiables, v\u00e9rifiables et simples d\u2019acc\u00e8s.&hellip;","_links":{"self":[{"href":"https:\/\/pro-ide.fr\/en\/wp-json\/wp\/v2\/pages\/74"}],"collection":[{"href":"https:\/\/pro-ide.fr\/en\/wp-json\/wp\/v2\/pages"}],"about":[{"href":"https:\/\/pro-ide.fr\/en\/wp-json\/wp\/v2\/types\/page"}],"author":[{"embeddable":true,"href":"https:\/\/pro-ide.fr\/en\/wp-json\/wp\/v2\/users\/1"}],"replies":[{"embeddable":true,"href":"https:\/\/pro-ide.fr\/en\/wp-json\/wp\/v2\/comments?post=74"}],"version-history":[{"count":5,"href":"https:\/\/pro-ide.fr\/en\/wp-json\/wp\/v2\/pages\/74\/revisions"}],"predecessor-version":[{"id":708,"href":"https:\/\/pro-ide.fr\/en\/wp-json\/wp\/v2\/pages\/74\/revisions\/708"}],"wp:attachment":[{"href":"https:\/\/pro-ide.fr\/en\/wp-json\/wp\/v2\/media?parent=74"}],"curies":[{"name":"wp","href":"https:\/\/api.w.org\/{rel}","templated":true}]}}