{"id":507,"date":"2020-11-14T18:53:54","date_gmt":"2020-11-14T17:53:54","guid":{"rendered":"https:\/\/pro-ide.fr\/?page_id=507"},"modified":"2021-03-18T09:52:28","modified_gmt":"2021-03-18T08:52:28","slug":"avertissement","status":"publish","type":"page","link":"https:\/\/pro-ide.fr\/en\/warning\/","title":{"rendered":"AVERTISSEMENT"},"content":{"rendered":"<h2 class=\"wp-block-heading\">DISCLAIMER<\/h2>\n\n\n\n<p>The blog of pro-ide.fr is created for your help and information.<br>Whilst every effort is made to ensure the accuracy of the publications, we cannot be held responsible for the use of the information we publish. The contents should not be relied upon as a substitute for medical, legal, or professional advice.<br>In accordance with the copyright, this site may be linked to or from other sites that are not maintained by pro-ide.fr. We do not control in any respect any information, products, or services offered by such other sites and shall NOT be responsible for the content of such other sites. We are not responsible for any changes in content that these pages undergo after the date on which they were cited in the relevant article we published.<\/p>\n\n\n\n<h2 class=\"wp-block-heading\">AVERTISSEMENT<\/h2>\n\n\n\n<p>Le blog de pro-ide.fr est cr\u00e9\u00e9 pour votre aide et information.<br>Bien que tous les efforts soient faits pour assurer l&#8217;exactitude des publications, nous ne pouvons \u00eatre tenus responsables de l&#8217;utilisation des informations que nous publions. Le contenu ne doit pas \u00eatre consid\u00e9r\u00e9 comme un substitut \u00e0 un avis m\u00e9dical, juridique ou professionnel.<br>Conform\u00e9ment au droit d&#8217;auteur, ce site peut \u00eatre li\u00e9 \u00e0 ou \u00e0 partir d&#8217;autres sites qui ne sont pas maintenus par pro-ide.fr. Nous ne contr\u00f4lons en aucun cas les informations, produits ou services offerts par ces autres sites et ne serons PAS responsables du contenu de ces autres sites.Nous ne sommes pas responsables des changements de contenu que ces pages subissent apr\u00e8s la date \u00e0 laquelle elles ont \u00e9t\u00e9 cit\u00e9es dans l&#8217;article pertinent que nous avons publi\u00e9.<\/p>\n\n\n\n<h2 class=\"wp-block-heading\">SHPREHJE E MOSMBAJTJES S\u00cb P\u00cbRGJEGJSHM\u00cbRIS\u00cb<\/h2>\n\n\n\n<p>Blog-u i pro-ide.fr \u00ebsht\u00eb krijuar p\u00ebr ndihm\u00ebn dhe informacionin tuaj.<br>Nd\u00ebrsa b\u00ebhet \u00e7do p\u00ebrpjekje p\u00ebr t\u00eb siguruar sakt\u00ebsin\u00eb e botimeve, ne nuk mund t\u00eb mbajm\u00eb p\u00ebrgjegj\u00ebsi p\u00ebr p\u00ebrdorimin e informacionit q\u00eb botojm\u00eb. P\u00ebrmbajtja nuk duhet t\u00eb shihet si nj\u00eb z\u00ebvend\u00ebsim p\u00ebr k\u00ebshilla mjek\u00ebsore, ligjore ose profesionale.<br>N\u00eb p\u00ebrputhje me t\u00eb drejt\u00ebn e autorit, kjo faqe mund t\u00eb jet\u00eb e lidhur me faqe t\u00eb tjera t\u00eb botuara online, q\u00eb nuk mir\u00ebmbahen nga pro-ide.fr. Ne nuk kontrollojm\u00eb n\u00eb asnj\u00eb aspekt asnj\u00eb informacion, produkt ose sh\u00ebrbim t\u00eb ofruar nga k\u00ebto faqe dhe NUK jemi p\u00ebrgjegj\u00ebs p\u00ebr p\u00ebrmbajtjen e tyre. Ne nuk jemi p\u00ebrgjegj\u00ebs p\u00ebr ndryshimet n\u00eb p\u00ebrmbajtje q\u00eb p\u00ebsojne k\u00ebto faqe pas dat\u00ebs kur jan\u00eb cituar n\u00eb artikullin p\u00ebrkat\u00ebs botuar prej nesh.&nbsp;<\/p>","protected":false},"excerpt":{"rendered":"<p>DISCLAIMER The blog of pro-ide.fr is created for your help and information.Whilst every effort is made to ensure the accuracy of the publications, we cannot be held responsible for the use of the information we publish. The contents should not be relied upon as a substitute for medical, legal, or professional advice.In accordance with the [&hellip;]<\/p>","protected":false},"author":1,"featured_media":0,"parent":0,"menu_order":0,"comment_status":"closed","ping_status":"closed","template":"","meta":{"_uag_custom_page_level_css":"","_uf_show_specific_survey":0,"_uf_disable_surveys":false,"site-sidebar-layout":"default","site-content-layout":"default","ast-site-content-layout":"","site-content-style":"default","site-sidebar-style":"default","ast-global-header-display":"","ast-banner-title-visibility":"","ast-main-header-display":"","ast-hfb-above-header-display":"","ast-hfb-below-header-display":"","ast-hfb-mobile-header-display":"","site-post-title":"","ast-breadcrumbs-content":"","ast-featured-img":"","footer-sml-layout":"","theme-transparent-header-meta":"default","adv-header-id-meta":"","stick-header-meta":"","header-above-stick-meta":"","header-main-stick-meta":"","header-below-stick-meta":"","astra-migrate-meta-layouts":"default","ast-page-background-enabled":"default","ast-page-background-meta":{"desktop":{"background-color":"","background-image":"","background-repeat":"repeat","background-position":"center center","background-size":"auto","background-attachment":"scroll","background-type":"","background-media":"","overlay-type":"","overlay-color":"","overlay-opacity":"","overlay-gradient":""},"tablet":{"background-color":"","background-image":"","background-repeat":"repeat","background-position":"center center","background-size":"auto","background-attachment":"scroll","background-type":"","background-media":"","overlay-type":"","overlay-color":"","overlay-opacity":"","overlay-gradient":""},"mobile":{"background-color":"","background-image":"","background-repeat":"repeat","background-position":"center center","background-size":"auto","background-attachment":"scroll","background-type":"","background-media":"","overlay-type":"","overlay-color":"","overlay-opacity":"","overlay-gradient":""}},"ast-content-background-meta":{"desktop":{"background-color":"var(--ast-global-color-5)","background-image":"","background-repeat":"repeat","background-position":"center center","background-size":"auto","background-attachment":"scroll","background-type":"","background-media":"","overlay-type":"","overlay-color":"","overlay-opacity":"","overlay-gradient":""},"tablet":{"background-color":"var(--ast-global-color-5)","background-image":"","background-repeat":"repeat","background-position":"center center","background-size":"auto","background-attachment":"scroll","background-type":"","background-media":"","overlay-type":"","overlay-color":"","overlay-opacity":"","overlay-gradient":""},"mobile":{"background-color":"var(--ast-global-color-5)","background-image":"","background-repeat":"repeat","background-position":"center center","background-size":"auto","background-attachment":"scroll","background-type":"","background-media":"","overlay-type":"","overlay-color":"","overlay-opacity":"","overlay-gradient":""}},"footnotes":""},"uagb_featured_image_src":{"full":false,"thumbnail":false,"medium":false,"medium_large":false,"large":false,"1536x1536":false,"2048x2048":false,"trp-custom-language-flag":false},"uagb_author_info":{"display_name":"Elda Spaho Bleta","author_link":"https:\/\/pro-ide.fr\/en\/author\/admin\/"},"uagb_comment_info":0,"uagb_excerpt":"DISCLAIMER The blog of pro-ide.fr is created for your help and information.Whilst every effort is made to ensure the accuracy of the publications, we cannot be held responsible for the use of the information we publish. The contents should not be relied upon as a substitute for medical, legal, or professional advice.In accordance with the&hellip;","_links":{"self":[{"href":"https:\/\/pro-ide.fr\/en\/wp-json\/wp\/v2\/pages\/507"}],"collection":[{"href":"https:\/\/pro-ide.fr\/en\/wp-json\/wp\/v2\/pages"}],"about":[{"href":"https:\/\/pro-ide.fr\/en\/wp-json\/wp\/v2\/types\/page"}],"author":[{"embeddable":true,"href":"https:\/\/pro-ide.fr\/en\/wp-json\/wp\/v2\/users\/1"}],"replies":[{"embeddable":true,"href":"https:\/\/pro-ide.fr\/en\/wp-json\/wp\/v2\/comments?post=507"}],"version-history":[{"count":2,"href":"https:\/\/pro-ide.fr\/en\/wp-json\/wp\/v2\/pages\/507\/revisions"}],"predecessor-version":[{"id":672,"href":"https:\/\/pro-ide.fr\/en\/wp-json\/wp\/v2\/pages\/507\/revisions\/672"}],"wp:attachment":[{"href":"https:\/\/pro-ide.fr\/en\/wp-json\/wp\/v2\/media?parent=507"}],"curies":[{"name":"wp","href":"https:\/\/api.w.org\/{rel}","templated":true}]}}