{"id":500,"date":"2020-11-14T18:34:45","date_gmt":"2020-11-14T17:34:45","guid":{"rendered":"https:\/\/pro-ide.fr\/?page_id=500"},"modified":"2021-03-18T10:28:34","modified_gmt":"2021-03-18T09:28:34","slug":"500-2","status":"publish","type":"page","link":"https:\/\/pro-ide.fr\/en\/500-2\/","title":{"rendered":"Legal Notice"},"content":{"rendered":"<p>Please read carefully the different terms of use of this site before browsing its pages. By connecting to this site, you fully accept these terms. Also, in accordance with article n \u00b0 6 of Law n \u00b0 2004-575 of June 21, 2004 on confidence in the digital economy, the managers of this website\u00a0<a rel=\"noreferrer noopener\" href=\"https:\/\/pro-ide.fr\/en\/\" target=\"_blank\">https:\/\/www.pro-ide.fr<\/a>\u00a0are:<\/p>\n\n\n\n<p><a href=\"https:\/\/pro-ide.fr\/en\/\">https:\/\/www.pro-ide.fr<\/a>\u00a0 SIRET number: 88240708300014<\/p>\n\n\n\n<p>Editorial manager: Elda Bleta 54000, Nancy<\/p>\n\n\n\n<p>Email: contactide54@gmail.com<\/p>\n\n\n\n<p>Site Web :\u00a0<a rel=\"noreferrer noopener\" href=\"https:\/\/pro-ide.fr\/en\/\" target=\"_blank\">https:\/\/www.pro-ide.fr<\/a><\/p>\n\n\n\n<h5 class=\"wp-block-heading\"><strong>Accommodation<\/strong><\/h5>\n\n\n\n<p>Host: PRO-IDE 54000, Nancy Website:\u00a0<a rel=\"noreferrer noopener\" class=\"rank-math-link\" href=\"https:\/\/pro-ide.fr\/en\/\" target=\"_blank\">https:\/\/www.pro-ide.fr<\/a><\/p>\n\n\n\n<h5 class=\"wp-block-heading\"><strong>Development\u00a0<\/strong><\/h5>\n\n\n\n<p>MatrixStudio Address: 54000, Nancy Website: MatrixStudio<\/p>\n\n\n\n<h5 class=\"wp-block-heading\"><strong>Terms of use<\/strong><\/h5>\n\n\n\n<p>This site (<a rel=\"noreferrer noopener\" href=\"https:\/\/pro-ide.fr\/en\/\" target=\"_blank\">https:\/\/www.pro-ide.fr<\/a>) is available in different web languages (HTML, HTML5, Javascript, CSS, etc\u2026) for better user comfort and more pleasant graphics, we recommend that you use browsers modern ones like Internet explorer, Safari, Firefox, Google Chrome, etc. PRO IDE implements all the means at its disposal to ensure reliable information and reliable updating of its websites. However, errors or omissions may occur. The user must therefore ensure the accuracy of the information and report any changes to the site that he deems useful. <a rel=\"noreferrer noopener\" href=\"https:\/\/pro-ide.fr\/en\/\" target=\"_blank\">https:\/\/www.pro-ide.fr<\/a> is in no way responsible for the use made of this information, and for any direct or indirect damage that may result from it.\u00a0<\/p>\n\n\n\n<p><strong>Cookies<\/strong>\u00a0: The site\u00a0<a rel=\"noreferrer noopener\" href=\"https:\/\/pro-ide.fr\/en\/\" target=\"_blank\">https:\/\/www.pro-ide.fr<\/a>\u00a0may ask you to accept cookies for statistical and display purposes. A cookie is information placed on your hard drive by the server of the site you are visiting. It contains several pieces of data that are stored on your computer in a simple text file that a server accesses to read and save information. Some parts of this site may not be functional without the acceptance of cookies.\u00a0<\/p>\n\n\n\n<p><strong>Hyperlinks:<\/strong>\u00a0Websites may provide links to other websites or other resources available on the Internet. <a rel=\"noreferrer noopener\" href=\"https:\/\/pro-ide.fr\/en\/\" target=\"_blank\">https:\/\/www.pro-ide.fr<\/a> has no means of controlling the sites in connection with its websites, does not answer for the availability of such sites and external sources, nor does it guarantee it. The site cannot be held responsible for any damage, of any nature whatsoever, resulting from the content of these sites or external sources, and in particular from the information, products or services they offer, or from any use that may be made of these elements. The risks associated with this use fall fully on the Internet user, who must comply with their conditions of use. Users, subscribers and visitors to websites may not set up a hyperlink to this site without the express prior authorization of <a rel=\"noreferrer noopener\" href=\"https:\/\/pro-ide.fr\/en\/\" target=\"_blank\">https:\/\/www.pro-ide.fr<\/a>. In the event that a user or visitor wishes to set up a hyperlink to one of the websites of <a rel=\"noreferrer noopener\" href=\"https:\/\/pro-ide.fr\/en\/\" target=\"_blank\">https:\/\/www.pro-ide.fr<\/a> , it will be up to him to send an email accessible on the site in order to formulate his request for setting up a hyperlink. <a rel=\"noreferrer noopener\" href=\"https:\/\/pro-ide.fr\/en\/\" target=\"_blank\">https:\/\/www.pro-ide.fr<\/a> reserves the right to accept or refuse a hyperlink without having to justify its decision.<\/p>\n\n\n\n<h5 class=\"wp-block-heading\"><br><strong>Services provided<\/strong><\/h5>\n\n\n\n<p>All of the company's activities and its information are presented on our site&nbsp;<a href=\"https:\/\/pro-ide.fr\/en\/\" target=\"_blank\" rel=\"noreferrer noopener\">https:\/\/www.pro-ide.fr<\/a>.<\/p>\n\n\n\n<p><a href=\"https:\/\/pro-ide.fr\/en\/\" target=\"_blank\" rel=\"noreferrer noopener\">https:\/\/www.pro-ide.fr<\/a> strives to provide accurate information as possible. The information on the site is not exhaustive and the photos are not contractual. They are given subject to modifications having been made since they were put online. Furthermore, all the information indicated on the site www.pro-ide.fr<strong>&nbsp;<\/strong>are given for information only, and are liable to change or evolve without notice.<\/p>\n\n\n\n<h5 class=\"wp-block-heading\"><strong>Contractual limitation on data<\/strong><\/h5>\n\n\n\n<p>The information on this site is as accurate as possible and the site is updated at different times of the year, but may contain inaccuracies or omissions. If you notice a gap, error or what appears to be a malfunction, please report it by email to contactide54@gmail.com , describing the problem as precisely as possible (page with the problem, type of computer and browser used, etc.). All downloaded content is done at the user's own risk and under his sole responsibility. Consequently, www.pro-ide.fr cannot be held responsible for any damage to the user's computer or any loss of data resulting from the download. In addition, the user of the site agrees to access the site using recent equipment, which does not contain viruses and with an updated latest generation browser. The hypertext links set up within the framework of this site Internet in the direction of other resources present on the Internet network can not engage the responsibility of <a rel=\"noreferrer noopener\" href=\"https:\/\/pro-ide.fr\/en\/\" target=\"_blank\">https:\/\/www.pro-ide.fr<\/a>.<\/p>\n\n\n\n<h5 class=\"wp-block-heading\"><strong>Intellectual property<\/strong><\/h5>\n\n\n\n<p>All the content of this on the site\u00a0<a rel=\"noreferrer noopener\" href=\"https:\/\/pro-ide.fr\/en\/\" target=\"_blank\">https:\/\/www.pro-ide.fr<\/a>, including, without limitation, the graphics, images, texts, videos, animations, sounds, logos, gifs and icons as well as their formatting are the property exclusive of the company with the exception of trademarks, logos or content belonging to other partner companies or authors. Any reproduction, distribution, modification, adaptation, retransmission or publication, even partial, of these various elements is strictly prohibited without the express written consent of <a rel=\"noreferrer noopener\" href=\"https:\/\/pro-ide.fr\/en\/\" target=\"_blank\">https:\/\/www.pro-ide.fr<\/a>. This representation or reproduction, by any means whatsoever, constitutes an infringement punishable by articles L.335-2 and following of the Code of intellectual property. Failure to comply with this prohibition constitutes an infringement which may engage the civil and criminal liability of the infringer. In addition, the owners of the copied Content could take legal action against you.<\/p>\n\n\n\n<h5 class=\"wp-block-heading\"><strong>Disputes<\/strong><\/h5>\n\n\n\n<p>These conditions of the\u00a0<a rel=\"noreferrer noopener\" href=\"https:\/\/pro-ide.fr\/en\/\" target=\"_blank\">https:\/\/www.pro-ide.fr<\/a>\u00a0site are governed by French law and any dispute or litigation which may arise from the interpretation or execution of these will be the exclusive jurisdiction of the courts on which the seat depends. social of the company. The reference language, for the settlement of possible disputes, is French.<\/p>\n\n\n\n<h5 class=\"wp-block-heading\"><strong>Personal data<\/strong><\/h5>\n\n\n\n<p>In general, you are not required to provide us with your personal data when you visit our website\u00a0<a rel=\"noreferrer noopener\" href=\"https:\/\/pro-ide.fr\/en\/\" target=\"_blank\">https:\/\/www.pro-ide.fr<\/a>. However, this principle has certain exceptions. Indeed, for certain services offered by our site, you may be required to provide us with certain data such as: your age, your place of residence, your gender. This is the case when you complete the form that is offered to you online, in the \"contact\" section. In any case, you can refuse to provide your personal data. Finally, we may automatically collect certain information about you when simply browsing our website, in particular: information about the use of our site, such as the areas you visit and the services you access, your address IP, your browser type, your access times. Such information is used exclusively for internal statistical purposes, so as to improve the quality of the services offered to you. The databases are protected by the provisions of the law of July 1, 1998 transposing Directive 96\/9 of March 11, 1996 on the legal protection of databases.<\/p>","protected":false},"excerpt":{"rendered":"<p>Merci de lire avec attention les diff\u00e9rentes modalit\u00e9s d\u2019utilisation du pr\u00e9sent site avant d\u2019y parcourir ses pages. En vous connectant sur ce site, vous acceptez sans r\u00e9serves les pr\u00e9sentes modalit\u00e9s. Aussi, conform\u00e9ment \u00e0 l\u2019article n\u00b06 de la Loi n\u00b02004-575 du 21 Juin 2004 pour la confiance dans l\u2019\u00e9conomie num\u00e9rique, le responsable du pr\u00e9sent site internet\u00a0www.pro-ide.fr\u00a0sont [&hellip;]<\/p>","protected":false},"author":1,"featured_media":0,"parent":0,"menu_order":0,"comment_status":"closed","ping_status":"closed","template":"","meta":{"_uag_custom_page_level_css":"","_uf_show_specific_survey":0,"_uf_disable_surveys":false,"site-sidebar-layout":"default","site-content-layout":"default","ast-site-content-layout":"","site-content-style":"default","site-sidebar-style":"default","ast-global-header-display":"","ast-banner-title-visibility":"","ast-main-header-display":"","ast-hfb-above-header-display":"","ast-hfb-below-header-display":"","ast-hfb-mobile-header-display":"","site-post-title":"","ast-breadcrumbs-content":"","ast-featured-img":"","footer-sml-layout":"","theme-transparent-header-meta":"enabled","adv-header-id-meta":"","stick-header-meta":"","header-above-stick-meta":"","header-main-stick-meta":"","header-below-stick-meta":"","astra-migrate-meta-layouts":"default","ast-page-background-enabled":"default","ast-page-background-meta":{"desktop":{"background-color":"","background-image":"","background-repeat":"repeat","background-position":"center center","background-size":"auto","background-attachment":"scroll","background-type":"","background-media":"","overlay-type":"","overlay-color":"","overlay-opacity":"","overlay-gradient":""},"tablet":{"background-color":"","background-image":"","background-repeat":"repeat","background-position":"center center","background-size":"auto","background-attachment":"scroll","background-type":"","background-media":"","overlay-type":"","overlay-color":"","overlay-opacity":"","overlay-gradient":""},"mobile":{"background-color":"","background-image":"","background-repeat":"repeat","background-position":"center center","background-size":"auto","background-attachment":"scroll","background-type":"","background-media":"","overlay-type":"","overlay-color":"","overlay-opacity":"","overlay-gradient":""}},"ast-content-background-meta":{"desktop":{"background-color":"var(--ast-global-color-5)","background-image":"","background-repeat":"repeat","background-position":"center center","background-size":"auto","background-attachment":"scroll","background-type":"","background-media":"","overlay-type":"","overlay-color":"","overlay-opacity":"","overlay-gradient":""},"tablet":{"background-color":"var(--ast-global-color-5)","background-image":"","background-repeat":"repeat","background-position":"center center","background-size":"auto","background-attachment":"scroll","background-type":"","background-media":"","overlay-type":"","overlay-color":"","overlay-opacity":"","overlay-gradient":""},"mobile":{"background-color":"var(--ast-global-color-5)","background-image":"","background-repeat":"repeat","background-position":"center center","background-size":"auto","background-attachment":"scroll","background-type":"","background-media":"","overlay-type":"","overlay-color":"","overlay-opacity":"","overlay-gradient":""}},"footnotes":""},"uagb_featured_image_src":{"full":false,"thumbnail":false,"medium":false,"medium_large":false,"large":false,"1536x1536":false,"2048x2048":false,"trp-custom-language-flag":false},"uagb_author_info":{"display_name":"Elda Spaho Bleta","author_link":"https:\/\/pro-ide.fr\/en\/author\/admin\/"},"uagb_comment_info":0,"uagb_excerpt":"Merci de lire avec attention les diff\u00e9rentes modalit\u00e9s d\u2019utilisation du pr\u00e9sent site avant d\u2019y parcourir ses pages. En vous connectant sur ce site, vous acceptez sans r\u00e9serves les pr\u00e9sentes modalit\u00e9s. Aussi, conform\u00e9ment \u00e0 l\u2019article n\u00b06 de la Loi n\u00b02004-575 du 21 Juin 2004 pour la confiance dans l\u2019\u00e9conomie num\u00e9rique, le responsable du pr\u00e9sent site internet\u00a0www.pro-ide.fr\u00a0sont&hellip;","_links":{"self":[{"href":"https:\/\/pro-ide.fr\/en\/wp-json\/wp\/v2\/pages\/500"}],"collection":[{"href":"https:\/\/pro-ide.fr\/en\/wp-json\/wp\/v2\/pages"}],"about":[{"href":"https:\/\/pro-ide.fr\/en\/wp-json\/wp\/v2\/types\/page"}],"author":[{"embeddable":true,"href":"https:\/\/pro-ide.fr\/en\/wp-json\/wp\/v2\/users\/1"}],"replies":[{"embeddable":true,"href":"https:\/\/pro-ide.fr\/en\/wp-json\/wp\/v2\/comments?post=500"}],"version-history":[{"count":9,"href":"https:\/\/pro-ide.fr\/en\/wp-json\/wp\/v2\/pages\/500\/revisions"}],"predecessor-version":[{"id":677,"href":"https:\/\/pro-ide.fr\/en\/wp-json\/wp\/v2\/pages\/500\/revisions\/677"}],"wp:attachment":[{"href":"https:\/\/pro-ide.fr\/en\/wp-json\/wp\/v2\/media?parent=500"}],"curies":[{"name":"wp","href":"https:\/\/api.w.org\/{rel}","templated":true}]}}