{"id":78,"date":"2020-09-01T10:22:26","date_gmt":"2020-09-01T10:22:26","guid":{"rendered":"http:\/\/pro-ide.fr\/playdoier-2\/"},"modified":"2021-03-18T20:01:09","modified_gmt":"2021-03-18T19:01:09","slug":"plaidoyer-2","status":"publish","type":"page","link":"https:\/\/pro-ide.fr\/al\/advokaci-2\/","title":{"rendered":"Advokaci"},"content":{"rendered":"<div class=\"nicepage-container\"><div class=\"\" style=\"\" >        <script>\n            (function ($) {\n                var ResponsiveCms = window.ResponsiveCms;\n                if (!ResponsiveCms) {\n                    return;\n                }\n                ResponsiveCms.contentDom = $('script:last').parent();\n                ResponsiveCms.prevMode = \"XL\";\n\n                if (typeof ResponsiveCms.recalcClasses === 'function') {\n                    ResponsiveCms.recalcClasses();\n                }\n            })(jQuery);\n        <\/script>\n        \n  \n    \n    <section class=\"u-clearfix u-section-2\" id=\"sec-13e8\">\n      <div class=\"u-clearfix u-sheet u-sheet-1\">\n        <div class=\"u-clearfix u-expanded-width u-gutter-0 u-layout-wrap u-layout-wrap-1\">\n          <div class=\"u-layout\">\n            <div class=\"u-layout-row\">\n              <div class=\"u-container-style u-expand-resize u-layout-cell u-left-cell u-size-30 u-layout-cell-1\">\n                <div class=\"u-container-layout u-container-layout-1\">\n                  <img decoding=\"async\" class=\"u-image u-image-1\" src=\"https:\/\/pro-ide.fr\/wp-content\/uploads\/2020\/09\/2playdoiei.jpg\">\n                <\/div>\n              <\/div>\n              <div class=\"u-align-left u-container-style u-layout-cell u-right-cell u-size-30 u-layout-cell-2\">\n                <div class=\"u-container-layout u-valign-middle u-container-layout-2\">\n                  <h5 class=\"u-text u-text-1\">P\u00ebrvoj\u00eb e pasur n\u00eb Franc\u00eb<\/h5>\n                  <h2 class=\"u-text u-text-2\">Advokaci<\/h2>\n                  <h4 class=\"u-text u-text-3\"> p\u00ebr t\u00eb Drejtat e Njeriut<\/h4>\n                  <p class=\"u-text u-text-4\">P\u00ebrkthime, informim. Por edhe sh\u00ebrbime profesioniste komunikimesh dhe advokacie sepse ky websajt \u00ebsht\u00eb ideuar dhe drejtohet nga  Elda Spaho Bleta, gazetare dhe eksperte n\u00eb komunikime dhe advokaci n\u00eb Shqip\u00ebri, n\u00eb Kosov\u00eb, n\u00eb Ballkan dhe n\u00eb Franc\u00eb q\u00eb prej vitit 2001. \nN\u00ebse ju keni nevoj\u00eb t\u2019u flisni emigrant\u00ebve n\u00eb nj\u00eb gjuh\u00eb dhe n\u00eb nj\u00eb form\u00eb q\u00eb ata e kuptojn\u00eb, n\u00eb m\u00ebnyr\u00eb q\u00eb t\u00eb jeni m\u00eb frytdh\u00ebn\u00ebs n\u00eb projektet dhe p\u00ebrpjekjet tuaja, at\u00ebher\u00eb jeni n\u00eb duart e duhura.  Sepse ne ju ofrojm\u00eb nj\u00eb g\u00ebrshetim t\u00eb plot\u00eb t\u00eb p\u00ebrvoj\u00ebs n\u00eb Franc\u00eb me p\u00ebrvoj\u00ebn nga vendet burime t\u00eb emigracionit. Ne dim\u00eb t\u2019ju shpjegojm\u00eb dhe t\u2019ju propozojm\u00eb produkte dhe sh\u00ebrbime t\u00eb p\u00ebrshtatura p\u00ebr kontekstin francez, par\u00eb me syt\u00eb e emigrant\u00ebve. Ne kuptojm\u00eb dhe flasim te dyja k\u00ebto \u201cgjuh\u00eb\u201d. \nPor oferta jon\u00eb n\u00eb komunikim nuk kufizohet vet\u00ebm n\u00eb fush\u00ebn e emigracionit: ne ideojm\u00eb strategji t\u00eb personalizuara komunikimi dhe advokacie, fushata nd\u00ebrgjegj\u00ebsimi dhe angazhimi qytetar, trajnime mbi  aft\u00ebsit\u00eb e komunikimit, trajnime mbi t\u00eb drejtat e emigrant\u00ebve, ngritje dhe fuqizim t\u00eb komuniteteve online dhe atyre n\u00eb terren, studime vler\u00ebsimi, monitorime online me variabla cil\u00ebsore dhe sasior\u00eb, fact-sheet, policy papers, artikuj p\u00ebr web, artikuj p\u00ebr median e shkruar, analiza t\u00eb holl\u00ebsishme, foto-reportazhe, broshura, flet\u00ebpalosje, afishe etj. \nP\u00ebrvec konceptimit, ne ofrojm\u00eb edhe dizajnin dhe printimin e tyre. Pra, ne ofrojm\u00eb produkte dhe sh\u00ebrbime me cik\u00ebl t\u00eb p\u00ebrfunduar, q\u00eb nga ideimi deri tek dh\u00ebnia gati n\u00eb dor\u00ebn tuaj. <\/p>\n                <\/div>\n              <\/div>\n            <\/div>\n          <\/div>\n        <\/div>\n      <\/div>\n    <\/section>\n    <section class=\"u-clearfix u-section-3\" id=\"sec-a254\">\n      <div class=\"u-clearfix u-sheet u-valign-middle u-sheet-1\">\n        <blockquote class=\"u-text u-text-default u-text-1\">Ne ideojm\u00eb strategji t\u00eb personalizuara komunikimi dhe advokacie, fushata nd\u00ebrgjegj\u00ebsimi dhe angazhimi qytetar. <\/blockquote>\n      <\/div>\n    <\/section>\n    \n    \n  \n<\/div><\/div>","protected":false},"excerpt":{"rendered":"<p>Riche exp\u00e9riences en France Plaidoyer pour les Droits de l\u2019Homme Traduction, information. Mais aussi des services professionnels de communication et de plaidoyer. Ce site web est con\u00e7u et dirig\u00e9 par Elda Spaho Bleta, journaliste et experte en communication et plaidoyer en Albanie, Kosovo, Mac\u00e9doine et France depuis 2001. Si vous avez besoin de parler aux [&hellip;]<\/p>","protected":false},"author":1,"featured_media":0,"parent":0,"menu_order":10,"comment_status":"closed","ping_status":"closed","template":"","meta":{"_uag_custom_page_level_css":"","_uf_show_specific_survey":0,"_uf_disable_surveys":false,"site-sidebar-layout":"default","site-content-layout":"default","ast-site-content-layout":"","site-content-style":"default","site-sidebar-style":"default","ast-global-header-display":"","ast-banner-title-visibility":"","ast-main-header-display":"","ast-hfb-above-header-display":"","ast-hfb-below-header-display":"","ast-hfb-mobile-header-display":"","site-post-title":"","ast-breadcrumbs-content":"","ast-featured-img":"","footer-sml-layout":"","theme-transparent-header-meta":"default","adv-header-id-meta":"","stick-header-meta":"","header-above-stick-meta":"","header-main-stick-meta":"","header-below-stick-meta":"","astra-migrate-meta-layouts":"default","ast-page-background-enabled":"default","ast-page-background-meta":{"desktop":{"background-color":"","background-image":"","background-repeat":"repeat","background-position":"center center","background-size":"auto","background-attachment":"scroll","background-type":"","background-media":"","overlay-type":"","overlay-color":"","overlay-opacity":"","overlay-gradient":""},"tablet":{"background-color":"","background-image":"","background-repeat":"repeat","background-position":"center center","background-size":"auto","background-attachment":"scroll","background-type":"","background-media":"","overlay-type":"","overlay-color":"","overlay-opacity":"","overlay-gradient":""},"mobile":{"background-color":"","background-image":"","background-repeat":"repeat","background-position":"center center","background-size":"auto","background-attachment":"scroll","background-type":"","background-media":"","overlay-type":"","overlay-color":"","overlay-opacity":"","overlay-gradient":""}},"ast-content-background-meta":{"desktop":{"background-color":"var(--ast-global-color-5)","background-image":"","background-repeat":"repeat","background-position":"center center","background-size":"auto","background-attachment":"scroll","background-type":"","background-media":"","overlay-type":"","overlay-color":"","overlay-opacity":"","overlay-gradient":""},"tablet":{"background-color":"var(--ast-global-color-5)","background-image":"","background-repeat":"repeat","background-position":"center center","background-size":"auto","background-attachment":"scroll","background-type":"","background-media":"","overlay-type":"","overlay-color":"","overlay-opacity":"","overlay-gradient":""},"mobile":{"background-color":"var(--ast-global-color-5)","background-image":"","background-repeat":"repeat","background-position":"center center","background-size":"auto","background-attachment":"scroll","background-type":"","background-media":"","overlay-type":"","overlay-color":"","overlay-opacity":"","overlay-gradient":""}},"footnotes":""},"uagb_featured_image_src":{"full":false,"thumbnail":false,"medium":false,"medium_large":false,"large":false,"1536x1536":false,"2048x2048":false,"trp-custom-language-flag":false},"uagb_author_info":{"display_name":"Elda Spaho Bleta","author_link":"https:\/\/pro-ide.fr\/al\/author\/admin\/"},"uagb_comment_info":0,"uagb_excerpt":"Riche exp\u00e9riences en France Plaidoyer pour les Droits de l\u2019Homme Traduction, information. Mais aussi des services professionnels de communication et de plaidoyer. Ce site web est con\u00e7u et dirig\u00e9 par Elda Spaho Bleta, journaliste et experte en communication et plaidoyer en Albanie, Kosovo, Mac\u00e9doine et France depuis 2001. Si vous avez besoin de parler aux&hellip;","_links":{"self":[{"href":"https:\/\/pro-ide.fr\/al\/wp-json\/wp\/v2\/pages\/78"}],"collection":[{"href":"https:\/\/pro-ide.fr\/al\/wp-json\/wp\/v2\/pages"}],"about":[{"href":"https:\/\/pro-ide.fr\/al\/wp-json\/wp\/v2\/types\/page"}],"author":[{"embeddable":true,"href":"https:\/\/pro-ide.fr\/al\/wp-json\/wp\/v2\/users\/1"}],"replies":[{"embeddable":true,"href":"https:\/\/pro-ide.fr\/al\/wp-json\/wp\/v2\/comments?post=78"}],"version-history":[{"count":9,"href":"https:\/\/pro-ide.fr\/al\/wp-json\/wp\/v2\/pages\/78\/revisions"}],"predecessor-version":[{"id":709,"href":"https:\/\/pro-ide.fr\/al\/wp-json\/wp\/v2\/pages\/78\/revisions\/709"}],"wp:attachment":[{"href":"https:\/\/pro-ide.fr\/al\/wp-json\/wp\/v2\/media?parent=78"}],"curies":[{"name":"wp","href":"https:\/\/api.w.org\/{rel}","templated":true}]}}