{"id":74,"date":"2020-09-01T10:22:22","date_gmt":"2020-09-01T10:22:22","guid":{"rendered":"http:\/\/pro-ide.fr\/informations-2\/"},"modified":"2021-03-18T20:36:44","modified_gmt":"2021-03-18T19:36:44","slug":"informations-2","status":"publish","type":"page","link":"https:\/\/pro-ide.fr\/al\/informacione-2\/","title":{"rendered":"Informim"},"content":{"rendered":"<div class=\"nicepage-container\"><div class=\"\" style=\"\" >        <script>\n            (function ($) {\n                var ResponsiveCms = window.ResponsiveCms;\n                if (!ResponsiveCms) {\n                    return;\n                }\n                ResponsiveCms.contentDom = $('script:last').parent();\n                ResponsiveCms.prevMode = \"XL\";\n\n                if (typeof ResponsiveCms.recalcClasses === 'function') {\n                    ResponsiveCms.recalcClasses();\n                }\n            })(jQuery);\n        <\/script>\n        \n  \n    \n    <section class=\"u-clearfix u-section-2\" id=\"sec-f46b\">\n      <div class=\"u-clearfix u-sheet u-sheet-1\">\n        <div class=\"u-clearfix u-expanded-width u-gutter-10 u-layout-wrap u-layout-wrap-1\">\n          <div class=\"u-layout\" style=\"\">\n            <div class=\"u-layout-row\" style=\"\">\n              <div class=\"u-align-left u-container-style u-layout-cell u-left-cell u-size-30 u-size-xs-60 u-layout-cell-1\" src=\"\">\n                <div class=\"u-container-layout u-valign-top u-container-layout-1\" src=\"\">\n                  <img decoding=\"async\" class=\"u-expand-resize u-expanded-width u-image u-image-1\" src=\"https:\/\/pro-ide.fr\/wp-content\/uploads\/2020\/09\/1.jpg\" data-image-width=\"278\" data-image-height=\"111\">\n                <\/div>\n              <\/div>\n              <div class=\"u-align-left u-container-style u-layout-cell u-right-cell u-size-30 u-size-xs-60 u-white u-layout-cell-2\">\n                <div class=\"u-container-layout u-valign-middle u-container-layout-2\">\n                  <h5 class=\"u-text u-text-1\">Artikuj<\/h5>\n                  <h2 class=\"u-text u-text-2\">Informim<\/h2>\n                  <h4 class=\"u-text u-text-3\"> Blogu \u00ebsht\u00eb zemra e platform\u00ebs son\u00eb<\/h4>\n                  <p class=\"u-text u-text-4\">Premtimi yn\u00eb i dyt\u00eb, pas atij t\u00eb cil\u00ebsis\u00eb s\u00eb lart\u00eb, \u00ebsht\u00eb ky: nuk do t\u00eb botojm\u00eb asnj\u00ebher\u00eb t\u00eb dh\u00ebna q\u00eb nuk i sh\u00ebrbejn\u00eb informimit mbi t\u00eb drejtat e njeriut. \u00c7do rresht i k\u00ebtij websajti do t\u2019i kushtohet shp\u00ebrndarjes s\u00eb nj\u00eb informacioni t\u00eb nevojsh\u00ebm, t\u00eb besuesh\u00ebm, t\u00eb verifikuesh\u00ebm, n\u00eb m\u00ebnyr\u00eb leht\u00ebsisht t\u00eb aksesueshme. Pra, do t\u00eb jet\u00eb nj\u00eb komunikim me q\u00ebllim rritjen e p\u00ebrfitimit t\u00eb t\u00eb drejtave, kultur\u00ebs dhe p\u00ebrgjegj\u00ebsis\u00eb shoq\u00ebrore.   \nKjo nuk \u00ebsht\u00eb nj\u00eb platform\u00eb lajmesh, por informimi praktik. Blogu \u00ebsht\u00eb zemra e uebsajtit ton\u00eb. Do t\u00eb botojm\u00eb rregullisht shkrime, gjithnj\u00eb n\u00eb 3 gjuh\u00eb, mbi procedurat e ndryshme ligjore t\u00eb emigracionit n\u00eb Franc\u00eb dhe mbi ve\u00e7antit\u00eb e jet\u00ebs n\u00eb k\u00ebt\u00eb vend. Si aplikohet p\u00ebr nj\u00eb leje qendrimi? Kur mund t\u00eb punohet? Ku ? Si mund t\u00eb rregjistrohen f\u00ebmij\u00ebt n\u00eb shkoll\u00eb ? Cila \u00ebsht\u00eb procedura e k\u00ebrkimit t\u00eb azilit ? Ku t\u00eb m\u00ebsojm\u00eb online fr\u00ebngjisht ? Si ? Kur mund t\u00eb vizitojm\u00eb muze dhe galeri falas ? Si mund t\u00eb b\u00ebhemi pjes\u00ebtar\u00eb t\u00eb shoqatave n\u00eb Nancy dhe Grand-Est ? \u00c7far\u00eb sh\u00ebrbimi mjek\u00ebsor p\u00ebrfitoj? Ku t\u00eb k\u00ebrkoj ndihm\u00eb ligjore falas? Pyetjet jan\u00eb pa fund sepse emigracioni \u00ebsht\u00eb i nd\u00ebrlikuar. Nga ana tjet\u00ebr, shteti francez ka p\u00ebr t\u00eb nj\u00eb kuad\u00ebr t\u00eb holl\u00ebsish\u00ebm ligjor, q\u00eb duhet shpjeguar mir\u00eb. \nP\u00ebr m\u00eb tep\u00ebr, ne jemi t\u00ebr\u00ebsisht t\u00eb hapur ndaj nevojave tuaja. Ju mund t\u00eb na drejtoni \u00e7far\u00ebdo lloj pyetjeje q\u00eb mund t\u00eb keni duke e d\u00ebrguar p\u00ebrmes rubrik\u00ebs \u00ab Na kontaktoni \u00bb, n\u00eb fund  t\u00eb faqes kryesore, djathtas.<\/p>\n                <\/div>\n              <\/div>\n            <\/div>\n          <\/div>\n        <\/div>\n      <\/div>\n    <\/section>\n    <section class=\"u-clearfix u-section-3\" id=\"sec-ef87\">\n      <div class=\"u-clearfix u-sheet u-sheet-1\">\n        <blockquote class=\"u-text u-text-default u-text-1\">\"Ne kurr\u00eb nuk do t\u00eb botojm\u00eb t\u00eb dh\u00ebna q\u00eb nuk i sh\u00ebrbejn\u00eb t\u00eb drejtave t\u00eb njeriut.\"<\/blockquote>\n      <\/div>\n    <\/section>\n    \n    \n  \n<\/div><\/div>","protected":false},"excerpt":{"rendered":"<p>Des articles Informations Le blog est le c\u0153ur de notre site-web Notre deuxi\u00e8me promesse, apr\u00e8s celle de la haute qualit\u00e9, est celle-ci: nous n\u2019allons jamais publier des donn\u00e9es qui ne servent pas aux Droits de l\u2019Homme. Chaque ligne de ce site-web sera consacr\u00e9e au partage des histoires et informations n\u00e9cessaires, fiables, v\u00e9rifiables et simples d\u2019acc\u00e8s. [&hellip;]<\/p>","protected":false},"author":1,"featured_media":0,"parent":0,"menu_order":6,"comment_status":"closed","ping_status":"closed","template":"","meta":{"_uag_custom_page_level_css":"","_uf_show_specific_survey":0,"_uf_disable_surveys":false,"site-sidebar-layout":"right-sidebar","site-content-layout":"boxed-container","ast-site-content-layout":"","site-content-style":"default","site-sidebar-style":"default","ast-global-header-display":"","ast-banner-title-visibility":"","ast-main-header-display":"","ast-hfb-above-header-display":"","ast-hfb-below-header-display":"","ast-hfb-mobile-header-display":"","site-post-title":"","ast-breadcrumbs-content":"","ast-featured-img":"","footer-sml-layout":"","theme-transparent-header-meta":"default","adv-header-id-meta":"","stick-header-meta":"","header-above-stick-meta":"","header-main-stick-meta":"","header-below-stick-meta":"","astra-migrate-meta-layouts":"default","ast-page-background-enabled":"default","ast-page-background-meta":{"desktop":{"background-color":"","background-image":"","background-repeat":"repeat","background-position":"center center","background-size":"auto","background-attachment":"scroll","background-type":"","background-media":"","overlay-type":"","overlay-color":"","overlay-opacity":"","overlay-gradient":""},"tablet":{"background-color":"","background-image":"","background-repeat":"repeat","background-position":"center center","background-size":"auto","background-attachment":"scroll","background-type":"","background-media":"","overlay-type":"","overlay-color":"","overlay-opacity":"","overlay-gradient":""},"mobile":{"background-color":"","background-image":"","background-repeat":"repeat","background-position":"center center","background-size":"auto","background-attachment":"scroll","background-type":"","background-media":"","overlay-type":"","overlay-color":"","overlay-opacity":"","overlay-gradient":""}},"ast-content-background-meta":{"desktop":{"background-color":"var(--ast-global-color-5)","background-image":"","background-repeat":"repeat","background-position":"center center","background-size":"auto","background-attachment":"scroll","background-type":"","background-media":"","overlay-type":"","overlay-color":"","overlay-opacity":"","overlay-gradient":""},"tablet":{"background-color":"var(--ast-global-color-5)","background-image":"","background-repeat":"repeat","background-position":"center center","background-size":"auto","background-attachment":"scroll","background-type":"","background-media":"","overlay-type":"","overlay-color":"","overlay-opacity":"","overlay-gradient":""},"mobile":{"background-color":"var(--ast-global-color-5)","background-image":"","background-repeat":"repeat","background-position":"center center","background-size":"auto","background-attachment":"scroll","background-type":"","background-media":"","overlay-type":"","overlay-color":"","overlay-opacity":"","overlay-gradient":""}},"footnotes":""},"uagb_featured_image_src":{"full":false,"thumbnail":false,"medium":false,"medium_large":false,"large":false,"1536x1536":false,"2048x2048":false,"trp-custom-language-flag":false},"uagb_author_info":{"display_name":"Elda Spaho Bleta","author_link":"https:\/\/pro-ide.fr\/al\/author\/admin\/"},"uagb_comment_info":0,"uagb_excerpt":"Des articles Informations Le blog est le c\u0153ur de notre site-web Notre deuxi\u00e8me promesse, apr\u00e8s celle de la haute qualit\u00e9, est celle-ci: nous n\u2019allons jamais publier des donn\u00e9es qui ne servent pas aux Droits de l\u2019Homme. Chaque ligne de ce site-web sera consacr\u00e9e au partage des histoires et informations n\u00e9cessaires, fiables, v\u00e9rifiables et simples d\u2019acc\u00e8s.&hellip;","_links":{"self":[{"href":"https:\/\/pro-ide.fr\/al\/wp-json\/wp\/v2\/pages\/74"}],"collection":[{"href":"https:\/\/pro-ide.fr\/al\/wp-json\/wp\/v2\/pages"}],"about":[{"href":"https:\/\/pro-ide.fr\/al\/wp-json\/wp\/v2\/types\/page"}],"author":[{"embeddable":true,"href":"https:\/\/pro-ide.fr\/al\/wp-json\/wp\/v2\/users\/1"}],"replies":[{"embeddable":true,"href":"https:\/\/pro-ide.fr\/al\/wp-json\/wp\/v2\/comments?post=74"}],"version-history":[{"count":5,"href":"https:\/\/pro-ide.fr\/al\/wp-json\/wp\/v2\/pages\/74\/revisions"}],"predecessor-version":[{"id":708,"href":"https:\/\/pro-ide.fr\/al\/wp-json\/wp\/v2\/pages\/74\/revisions\/708"}],"wp:attachment":[{"href":"https:\/\/pro-ide.fr\/al\/wp-json\/wp\/v2\/media?parent=74"}],"curies":[{"name":"wp","href":"https:\/\/api.w.org\/{rel}","templated":true}]}}