{"id":71,"date":"2020-09-01T10:22:19","date_gmt":"2020-09-01T10:22:19","guid":{"rendered":"http:\/\/pro-ide.fr\/traductions-2\/"},"modified":"2021-03-18T19:57:42","modified_gmt":"2021-03-18T18:57:42","slug":"traductions-2","status":"publish","type":"page","link":"http:\/\/pro-ide.fr\/al\/perkthime-2\/","title":{"rendered":"P\u00ebrkthime"},"content":{"rendered":"<div class=\"nicepage-container\"><div class=\"\" style=\"\" >        <script>\n            (function ($) {\n                var ResponsiveCms = window.ResponsiveCms;\n                if (!ResponsiveCms) {\n                    return;\n                }\n                ResponsiveCms.contentDom = $('script:last').parent();\n                ResponsiveCms.prevMode = \"XL\";\n\n                if (typeof ResponsiveCms.recalcClasses === 'function') {\n                    ResponsiveCms.recalcClasses();\n                }\n            })(jQuery);\n        <\/script>\n        \n  \n    \n    <section class=\"u-clearfix u-section-2\" id=\"sec-547d\">\n      <div class=\"u-clearfix u-sheet u-sheet-1\">\n        <div class=\"u-clearfix u-expanded-width u-gutter-10 u-layout-wrap u-layout-wrap-1\">\n          <div class=\"u-layout\" style=\"\">\n            <div class=\"u-layout-row\" style=\"\">\n              <div class=\"u-align-left u-container-style u-layout-cell u-left-cell u-size-30 u-size-xs-60 u-layout-cell-1\" src=\"\">\n                <div class=\"u-container-layout u-valign-top u-container-layout-1\" src=\"\">\n                  <img decoding=\"async\" class=\"u-expand-resize u-expanded-width u-image u-image-1\" src=\"http:\/\/pro-ide.fr\/wp-content\/uploads\/2020\/09\/files-1614223_1920-1.jpg\" data-image-width=\"1600\" data-image-height=\"1251\">\n                <\/div>\n              <\/div>\n              <div class=\"u-align-left u-container-style u-layout-cell u-right-cell u-size-30 u-size-xs-60 u-white u-layout-cell-2\">\n                <div class=\"u-container-layout u-valign-top u-container-layout-2\">\n                  <h5 class=\"u-text u-text-1\"> N\u00eb tre gjuh\u00eb t\u00eb ndryshme<\/h5>\n                  <h2 class=\"u-text u-text-2\">P\u00ebrkthime<\/h2>\n                  <h4 class=\"u-text u-text-3\">Shqip, anglisht, fr\u00ebngjisht<\/h4>\n                  <p class=\"u-text u-text-4\">Oferta jon\u00eb n\u00eb p\u00ebrkthime \u00ebsht\u00eb e gjer\u00eb. P\u00ebrve\u00e7 ekspertiz\u00ebs s\u00eb lart\u00eb n\u00eb komunikim dhe advokaci, ne jemi nj\u00eb agjensi e li\u00e7ensuar p\u00ebrkthimesh dhe interpretariati. Agjensia merr p\u00ebrsip\u00ebr p\u00ebrkthimin, interpretimin dhe redaktimin e t\u00eb gjitha materialeve t\u00eb komunikimit q\u00eb lidhen me emigracionin n\u00eb Franc\u00eb, n\u00eb shqip, fr\u00ebngjisht dhe anglisht; broshura, flet\u00ebpalosje, video, ligje, rregullore, intervista, histori personale dhe profesionale, biseda telefonike, trajnime face to face apo online n\u00eb nj\u00ebr\u00ebn nga k\u00ebto gjuh\u00eb apo n\u00eb dy gjuh\u00eb nj\u00ebkoh\u00ebsisht, artikuj p\u00ebr web apo p\u00ebr shtypin e shkruar, forume online, p\u00ebrkthime dhe mbushje formular\u00ebsh t\u00eb ndysh\u00ebm administrativ\u00eb etj. <\/p>\n                <\/div>\n              <\/div>\n            <\/div>\n          <\/div>\n        <\/div>\n      <\/div>\n    <\/section>\n    <section class=\"u-clearfix u-section-3\" id=\"sec-2637\">\n      <div class=\"u-clearfix u-sheet u-sheet-1\">\n        <div class=\"u-align-center u-container-style u-expanded-width u-group u-group-1\">\n          <div class=\"u-container-layout u-valign-top u-container-layout-1\">\n            <p class=\"u-text u-text-1 translation-block\">Ne ju ofrojm\u00eb nj\u00eb g\u00ebrshetim t\u00eb plot\u00eb t\u00eb p\u00ebrvoj\u00ebs n\u00eb Franc\u00eb me p\u00ebrvoj\u00ebn nga vendet burime t\u00eb emigracionit<\/p>\n          <\/div>\n        <\/div>\n      <\/div>\n    <\/section>\n    \n    \n  \n<\/div><\/div>","protected":false},"excerpt":{"rendered":"<p>En trois langues differentes Traductions Albanais, anglais, francais Notre offre en traduction est large. A part l\u2019expertise de haut niveau en communication et en plaidoyer, nous sommes une agence autoris\u00e9e de traductions et d\u2019interpr\u00e9tariats. L\u2019agence s\u2019occupe de la traduction, l\u2019explication et la r\u00e9daction en albanais, fran\u00e7ais et anglais de tous les moyens de communication qui [&hellip;]<\/p>","protected":false},"author":1,"featured_media":0,"parent":0,"menu_order":3,"comment_status":"closed","ping_status":"closed","template":"","meta":{"_uag_custom_page_level_css":"","_uf_show_specific_survey":0,"_uf_disable_surveys":false,"site-sidebar-layout":"default","site-content-layout":"default","ast-site-content-layout":"","site-content-style":"default","site-sidebar-style":"default","ast-global-header-display":"","ast-banner-title-visibility":"","ast-main-header-display":"","ast-hfb-above-header-display":"","ast-hfb-below-header-display":"","ast-hfb-mobile-header-display":"","site-post-title":"","ast-breadcrumbs-content":"","ast-featured-img":"","footer-sml-layout":"","theme-transparent-header-meta":"default","adv-header-id-meta":"","stick-header-meta":"","header-above-stick-meta":"","header-main-stick-meta":"","header-below-stick-meta":"","astra-migrate-meta-layouts":"default","ast-page-background-enabled":"default","ast-page-background-meta":{"desktop":{"background-color":"","background-image":"","background-repeat":"repeat","background-position":"center center","background-size":"auto","background-attachment":"scroll","background-type":"","background-media":"","overlay-type":"","overlay-color":"","overlay-opacity":"","overlay-gradient":""},"tablet":{"background-color":"","background-image":"","background-repeat":"repeat","background-position":"center center","background-size":"auto","background-attachment":"scroll","background-type":"","background-media":"","overlay-type":"","overlay-color":"","overlay-opacity":"","overlay-gradient":""},"mobile":{"background-color":"","background-image":"","background-repeat":"repeat","background-position":"center center","background-size":"auto","background-attachment":"scroll","background-type":"","background-media":"","overlay-type":"","overlay-color":"","overlay-opacity":"","overlay-gradient":""}},"ast-content-background-meta":{"desktop":{"background-color":"var(--ast-global-color-5)","background-image":"","background-repeat":"repeat","background-position":"center center","background-size":"auto","background-attachment":"scroll","background-type":"","background-media":"","overlay-type":"","overlay-color":"","overlay-opacity":"","overlay-gradient":""},"tablet":{"background-color":"var(--ast-global-color-5)","background-image":"","background-repeat":"repeat","background-position":"center center","background-size":"auto","background-attachment":"scroll","background-type":"","background-media":"","overlay-type":"","overlay-color":"","overlay-opacity":"","overlay-gradient":""},"mobile":{"background-color":"var(--ast-global-color-5)","background-image":"","background-repeat":"repeat","background-position":"center center","background-size":"auto","background-attachment":"scroll","background-type":"","background-media":"","overlay-type":"","overlay-color":"","overlay-opacity":"","overlay-gradient":""}},"footnotes":""},"uagb_featured_image_src":{"full":false,"thumbnail":false,"medium":false,"medium_large":false,"large":false,"1536x1536":false,"2048x2048":false,"trp-custom-language-flag":false},"uagb_author_info":{"display_name":"Elda Spaho Bleta","author_link":"http:\/\/pro-ide.fr\/al\/author\/admin\/"},"uagb_comment_info":0,"uagb_excerpt":"En trois langues differentes Traductions Albanais, anglais, francais Notre offre en traduction est large. A part l\u2019expertise de haut niveau en communication et en plaidoyer, nous sommes une agence autoris\u00e9e de traductions et d\u2019interpr\u00e9tariats. L\u2019agence s\u2019occupe de la traduction, l\u2019explication et la r\u00e9daction en albanais, fran\u00e7ais et anglais de tous les moyens de communication qui&hellip;","_links":{"self":[{"href":"http:\/\/pro-ide.fr\/al\/wp-json\/wp\/v2\/pages\/71"}],"collection":[{"href":"http:\/\/pro-ide.fr\/al\/wp-json\/wp\/v2\/pages"}],"about":[{"href":"http:\/\/pro-ide.fr\/al\/wp-json\/wp\/v2\/types\/page"}],"author":[{"embeddable":true,"href":"http:\/\/pro-ide.fr\/al\/wp-json\/wp\/v2\/users\/1"}],"replies":[{"embeddable":true,"href":"http:\/\/pro-ide.fr\/al\/wp-json\/wp\/v2\/comments?post=71"}],"version-history":[{"count":4,"href":"http:\/\/pro-ide.fr\/al\/wp-json\/wp\/v2\/pages\/71\/revisions"}],"predecessor-version":[{"id":707,"href":"http:\/\/pro-ide.fr\/al\/wp-json\/wp\/v2\/pages\/71\/revisions\/707"}],"wp:attachment":[{"href":"http:\/\/pro-ide.fr\/al\/wp-json\/wp\/v2\/media?parent=71"}],"curies":[{"name":"wp","href":"https:\/\/api.w.org\/{rel}","templated":true}]}}