{"id":69,"date":"2020-09-01T10:22:17","date_gmt":"2020-09-01T10:22:17","guid":{"rendered":"http:\/\/pro-ide.fr\/notre-equipe-2\/"},"modified":"2022-12-07T12:48:25","modified_gmt":"2022-12-07T11:48:25","slug":"notre-equipe-2","status":"publish","type":"page","link":"http:\/\/pro-ide.fr\/al\/ekipi-yne-2\/","title":{"rendered":"EKIPI YNE"},"content":{"rendered":"<div class=\"nicepage-container\"><div class=\"\" style=\"\" >        <script>\n            (function ($) {\n                var ResponsiveCms = window.ResponsiveCms;\n                if (!ResponsiveCms) {\n                    return;\n                }\n                ResponsiveCms.contentDom = $('script:last').parent();\n                ResponsiveCms.prevMode = \"XL\";\n\n                if (typeof ResponsiveCms.recalcClasses === 'function') {\n                    ResponsiveCms.recalcClasses();\n                }\n            })(jQuery);\n        <\/script>\n        \n  \n    \n    <section class=\"u-clearfix u-grey-5 u-section-2\" id=\"sec-50b2\">\n      <div class=\"u-clearfix u-sheet u-valign-middle u-sheet-1\">\n        <h3 class=\"u-text u-text-1\">Partneri yne asosiativ<\/h3>\n        <p class=\"u-text u-text-2 translation-block\">N\u00eb maj 2022, n\u00ebnshkruam nj\u00eb marr\u00ebveshje partneriteti me shoq\u00ebruesen ton\u00eb, <span style=\"font-weight: 700\">AMI-PLUS<\/span>, nj\u00eb shoqat\u00eb franceze, n\u00ebn Ligjin 1901. E kemi v\u00ebn\u00eb k\u00ebt\u00eb platform\u00eb informimi n\u00eb dispozicion t\u00eb tyre, pa pages\u00eb, duke ofruar gjithashtu t\u00eb gjith\u00eb asistenc\u00ebn teknike dhe mir\u00ebmbajtjen e nevojshme. Pse? Sepse thjesht ndajm\u00eb s\u00eb bashku t\u00eb nj\u00ebjtin mision, t\u00eb nj\u00ebjt\u00ebn filozofi: Informacion falas, i leht\u00eb p\u00ebr t'u kuptuar nga p\u00ebrdoruesit, i verifikuar dhe n\u00eb shum\u00eb gjuh\u00eb, p\u00ebr migrant\u00ebt q\u00eb jetojn\u00eb n\u00eb Franc\u00eb e q\u00eb vijn\u00eb nga jasht\u00eb Bashkimit Evropian. Vlerat dhe misionet e tjera t\u00eb p\u00ebrbashk\u00ebta? Rritja e nd\u00ebrgjegj\u00ebsimit t\u00eb publikut dhe luftimi paq\u00ebsor i gjuh\u00ebs s\u00eb urrejtjes mbi migrant\u00ebt dhe migracionin.<\/p>\n      <\/div>\n    <\/section>\n    <section class=\"u-clearfix u-section-3\" id=\"sec-b698\">\n      <div class=\"u-clearfix u-sheet u-sheet-1\">\n        <div class=\"u-clearfix u-expanded-width u-gutter-30 u-layout-wrap u-layout-wrap-1\">\n          <div class=\"u-gutter-0 u-layout\">\n            <div class=\"u-layout-row\">\n              <div class=\"u-size-20 u-size-30-md\">\n                <div class=\"u-layout-col\">\n                  <div class=\"u-align-left u-container-style u-layout-cell u-left-cell u-size-60 u-layout-cell-1\">\n                    <div class=\"u-container-layout u-container-layout-1\">\n                      <h4 class=\"u-text u-text-1\">ELDA SPAHO BLETA<br>\n                        <span style=\"font-size: 0.875rem;\">fondatrice<\/span>\n                      <\/h4>\n                      <p class=\"u-text u-text-2\">Komunikimi n\u00eb em\u00ebr t\u00eb \u00e7\u00ebshtjeve shoq\u00ebrore \u00ebsht\u00eb pasioni i saj m\u00eb i madh profesional. Elda punon si gazetare q\u00eb prej 19 vitesh, me artikuj n\u00eb shum\u00eb media n\u00eb Shqip\u00ebri, Maqedoni dhe n\u00eb Franc\u00eb (Courrier International, Courrier des Balkans), n\u00eb fush\u00ebn shoq\u00ebrore dhe ekonomike. P\u00ebrve\u00e7 gazetaris\u00eb, n\u00eb vitin 2012 ajo nisi pun\u00ebn me organizata t\u00eb ndryshme nd\u00ebrkomb\u00ebtare n\u00eb Shqip\u00ebri e Kosov\u00eb (Oxfam, World Vision) n\u00eb fushat e angazhimit qytetar dhe institucional, t\u00eb mbrojtjes s\u00eb f\u00ebmij\u00ebve dhe t\u00eb rinjve, pavar\u00ebsis\u00eb ekonomike t\u00eb grave dhe t\u00eb rinjve,&nbsp;<\/p>\n                    <\/div>\n                  <\/div>\n                <\/div>\n              <\/div>\n              <div class=\"u-size-20 u-size-30-md\">\n                <div class=\"u-layout-col\">\n                  <div class=\"u-container-style u-layout-cell u-size-60 u-layout-cell-2\">\n                    <div class=\"u-container-layout\">\n                      <img decoding=\"async\" class=\"u-align-center-xs u-expanded-width-lg u-image u-preserve-proportions u-image-1\" src=\"http:\/\/pro-ide.fr\/wp-content\/uploads\/2020\/09\/EldaOK.jpg\" data-image-width=\"786\" data-image-height=\"1080\">\n                    <\/div>\n                  <\/div>\n                <\/div>\n              <\/div>\n              <div class=\"u-size-20 u-size-60-md\">\n                <div class=\"u-layout-col\">\n                  <div class=\"u-align-left u-container-style u-layout-cell u-right-cell u-size-60 u-layout-cell-3\">\n                    <div class=\"u-container-layout u-container-layout-3\">\n                      <p class=\"u-text u-text-3\">&nbsp;marr\u00ebdhenieve me median tradicionale dhe ato online, komunikimit masiv dhe atij t\u00eb personalizuar, t\u00eb strategjive t\u00eb komunikimit dhe t\u00eb advokacis\u00eb, t\u00eb fushatave lokale, komb\u00ebtare dhe globale, marketingut social. Ajo ka trajnuar qindra t\u00eb rinj, gra, koleg\u00eb dhe punonj\u00ebs t\u00eb administrat\u00ebs n\u00eb fush\u00ebn e t\u00eb drejtave t\u00eb njeriut dhe komunikimit n\u00eb Shqip\u00ebri dhe n\u00eb Kosov\u00eb. E mb\u00ebrritur n\u00eb Franc\u00eb n\u00eb 2017, bashk\u00eb m\u00eb bashk\u00ebshortin dhe dy f\u00ebmij\u00ebt, Elda vazhdon p\u00ebrfshirjen e p\u00ebrditshme n\u00eb Nancy e Meurthe-et-Moselle, n\u00eb m\u00ebny\u00eb t\u00eb pavarur ose p\u00ebrmes organizatave ku b\u00ebn pjes\u00eb (Secours Catholique France-Caritas, Oxfam France, Resto du Couer etj), sidomos n\u00eb \u00e7\u00ebshtjet e emigracionit. Ajo \u00ebsht\u00eb e diplomuar n\u00eb gazetari\/shkenca komunikimi dhe ka nj\u00eb Master 2 n\u00eb ekonomi\/ marketing.<\/p>\n                    <\/div>\n                  <\/div>\n                <\/div>\n              <\/div>\n            <\/div>\n          <\/div>\n        <\/div>\n      <\/div>\n    <\/section>\n    <section class=\"u-clearfix u-section-4\" id=\"sec-4918\">\n      <div class=\"u-clearfix u-sheet u-sheet-1\">\n        <div class=\"u-clearfix u-expanded-width u-layout-wrap u-layout-wrap-1\">\n          <div class=\"u-layout\">\n            <div class=\"u-layout-row\">\n              <div class=\"u-container-style u-layout-cell u-size-20 u-layout-cell-1\">\n                <div class=\"u-container-layout u-container-layout-1\">\n                  <h5 class=\"u-text u-text-default u-text-1\">Igli Bleta<br>\n                    <span style=\"font-size: 0.875rem;\">co-fondateur<\/span>\n                  <\/h5>\n                  <p class=\"u-text u-text-default u-text-2\">P\u00ebrdorimi i teknologjis\u00eb s\u00eb informacionit n\u00eb sh\u00ebrbim t\u00eb njer\u00ebzve dhe institucioneve dhe leht\u00ebsimi i komunikimit online mes tyre \u00ebsht\u00eb nj\u00eb nga devizat e tij m\u00eb t\u00eb forta profesionale. Igli punon si dizajner profesionist e fuqizues platformash online q\u00eb nga viti 2001, fillimisht n\u00eb Shqip\u00ebri dhe pastaj n\u00eb Franc\u00eb, ku mb\u00ebrriti n\u00eb vitin 2017, bashk\u00eb me Eld\u00ebn dhe 2 f\u00ebmij\u00ebt e tyre.  \nAi \u00ebsht\u00eb gjer\u00ebsisht i p\u00ebrfshir\u00eb n\u00eb ndihm\u00ebn e njer\u00ebzve m\u00eb n\u00eb nevoj\u00eb n\u00eb Nancy, kryesisht me fushatat e ushqimit t\u00eb Armee du Salut dhe Resto du Couer.<\/p>\n                <\/div>\n              <\/div>\n              <div class=\"u-container-style u-layout-cell u-size-20 u-layout-cell-2\">\n                <div class=\"u-container-layout u-container-layout-2\">\n                  <p class=\"u-text u-text-3\">P\u00ebrvec tyre, Igli b\u00ebn pjes\u00eb n\u00eb rrjetin associativ Welcome i cili p\u00ebrpiqet t\u00eb gjej\u00eb zgjidhje strehimi p\u00ebr emigrant\u00ebt e sapomb\u00ebrritur n\u00eb Nancy. An\u00ebtar i Federat\u00ebs Franceze t\u00eb Shahut q\u00eb n\u00eb 2017, ai merr pjes\u00eb vazhdimisht n\u00ebp\u00ebr turnet\u00eb dhe aktivitetet e ndryshme sensibilizuese q\u00eb zhvillohen n\u00eb k\u00ebt\u00eb fush\u00eb n\u00eb departamentin e Meurthe-et-Moselle.  \n\nIgli ka studiuar informatik\u00eb dhe menaxim biznesi si dhe \u00ebsht\u00eb duke p\u00ebrfunduar nj\u00eb Master 2 n\u00eb SHBA,  n\u00eb fush\u00ebn e  menaxhimit.<\/p>\n                <\/div>\n              <\/div>\n              <div class=\"u-container-style u-layout-cell u-size-20 u-layout-cell-3\">\n                <div class=\"u-container-layout u-container-layout-3\">\n                  <img decoding=\"async\" class=\"u-align-center-xs u-image u-image-1\" src=\"http:\/\/pro-ide.fr\/wp-content\/uploads\/2021\/05\/Iglimelaps.jpg\" data-image-width=\"1023\" data-image-height=\"1080\">\n                <\/div>\n              <\/div>\n            <\/div>\n          <\/div>\n        <\/div>\n      <\/div>\n    <\/section>\n    <section class=\"u-clearfix u-section-5\" id=\"sec-6e95\">\n      <div class=\"u-clearfix u-sheet u-sheet-1\">\n        <div class=\"u-clearfix u-expanded-width u-gutter-30 u-layout-wrap u-layout-wrap-1\">\n          <div class=\"u-gutter-0 u-layout\">\n            <div class=\"u-layout-row\">\n              <div class=\"u-size-20 u-size-30-md\">\n                <div class=\"u-layout-col\">\n                  <div class=\"u-align-left u-container-style u-layout-cell u-left-cell u-size-60 u-layout-cell-1\">\n                    <div class=\"u-container-layout u-valign-top-xs u-container-layout-1\">\n                      <h4 class=\"u-text u-text-1\">JEAN PAUL MOUROT<br>\n                        <span style=\"font-size: 0.875rem;\">tr\u00e9sorier d'AMI-PLUS<\/span>\n                        <br>\n                      <\/h4>\n                      <p class=\"u-text u-text-2 translation-block\">Pasi zgjodha q\u00eb 20 vje\u00e7 statusin e t\u00eb vet\u00eb-pun\u00ebsuarit, pata mund\u00ebsin\u00eb t\u00eb ushtroj profesione t\u00eb ndryshme, (VRP, agjent tregtar dhe menaxher) p\u00ebr nj\u00eb periudh\u00eb prej 10 vjet\u00ebsh. N\u00eb vitin 1993, u b\u00ebra instruktor i atelies\u00eb n\u00eb nj\u00eb ESAT (Nd\u00ebrmarrje e Sh\u00ebrbimit t\u00eb Ndihm\u00ebs n\u00eb Pun\u00eb), p\u00ebr njer\u00ebzit me aft\u00ebsi t\u00eb kufizuara shqisore, gj\u00eb q\u00eb zgjoi nj\u00eb vet\u00ebdije t\u00eb v\u00ebrtet\u00eb p\u00ebr mua. Nd\u00ebrkaq aktor n\u00eb zhvillimin komb\u00ebtar dhe nd\u00ebrkomb\u00ebtar n\u00eb fush\u00ebn e prodhimit t\u00eb shkopinjve p\u00ebr njer\u00ebzit me aft\u00ebsi t\u00eb kufizuara n\u00eb t\u00eb par\u00eb, tashm\u00eb p\u00ebr mua ishte vendosur toni p\u00ebr t\u00eb eksploruar mund\u00ebsit\u00eb e ofruara nga Ekonomia Sociale dhe Solidare. Sidoqoft\u00eb, kalimi nga nj\u00eb nd\u00ebrmarrje n\u00eb statusin e punonj\u00ebsit t\u00eb nj\u00eb strukture medico-sociale nuk mund t\u00eb b\u00ebhej pa trajnim paraprak.<\/p>\n                    <\/div>\n                  <\/div>\n                <\/div>\n              <\/div>\n              <div class=\"u-size-20 u-size-30-md\">\n                <div class=\"u-layout-col\">\n                  <div class=\"u-container-style u-layout-cell u-size-60 u-layout-cell-2\">\n                    <div class=\"u-container-layout\">\n                      <p class=\"u-text u-text-3 translation-block\">Pas kthimit nga ky trajnim, n\u00eb Kanada, si pjes\u00eb e nj\u00eb leje individuale, zbulimi i filozofis\u00eb s\u00eb \"Edukimit p\u00ebr Qytetarin\u00eb\" i b\u00ebri jehon\u00eb t\u00eb plot\u00eb arsimimit dhe karrier\u00ebs time profesionale. Nj\u00eb disertacion mbi \"mjediset e mbyllura ndaj mjediseve t\u00eb hapura\", n\u00eb saj\u00eb t\u00eb tez\u00ebs s\u00eb dishepujve t\u00eb Prof. DESCOLA mbi vark\u00ebtar\u00ebt e Maronit, si dhe leximeve t\u00eb punimeve t\u00eb ndryshme (Fabrika e t\u00eb p\u00ebrjashtuarve - J. MAISONDIEU, Vuajtja n\u00eb Franc\u00eb - C. DESJOURS ose Ideologjia dhe Utopia - P. RICOEU), do t\u00eb konsolidonte baz\u00ebn time teorike, asnj\u00ebher\u00eb larg filozofis\u00eb s\u00eb arsimimit popullor. Mjedisi asociativ, ku un\u00eb kisha mbajtur tashm\u00eb pozicione t\u00eb ndryshme si sekretar dhe ark\u00ebtar, do t\u00eb m\u00eb \u00e7onte n\u00eb 2006 drejt Oxfam France. Fillimisht si koordinator i Grupit Lokal t\u00eb Nancy, pastaj si administrator i tij gjat\u00eb 6 viteve t\u00eb fundit.<\/p>\n                    <\/div>\n                  <\/div>\n                <\/div>\n              <\/div>\n              <div class=\"u-size-20 u-size-60-md\">\n                <div class=\"u-layout-col\">\n                  <div class=\"u-align-left u-container-style u-layout-cell u-right-cell u-size-60 u-layout-cell-3\">\n                    <div class=\"u-container-layout u-container-layout-3\">\n                      <img decoding=\"async\" class=\"u-image u-preserve-proportions u-image-1\" src=\"http:\/\/pro-ide.fr\/wp-content\/uploads\/2021\/04\/ZhanPoledrawing.jpg\" data-image-width=\"1020\" data-image-height=\"1080\">\n                    <\/div>\n                  <\/div>\n                <\/div>\n              <\/div>\n            <\/div>\n          <\/div>\n        <\/div>\n      <\/div>\n    <\/section>\n    <section class=\"u-clearfix u-section-6\" id=\"sec-dfad\">\n      <div class=\"u-clearfix u-sheet u-sheet-1\">\n        <div class=\"u-clearfix u-expanded-width u-gutter-30 u-layout-wrap u-layout-wrap-1\">\n          <div class=\"u-gutter-0 u-layout\">\n            <div class=\"u-layout-row\">\n              <div class=\"u-size-30\">\n                <div class=\"u-layout-col\">\n                  <div class=\"u-align-left u-container-style u-layout-cell u-left-cell u-size-60 u-layout-cell-1\">\n                    <div class=\"u-container-layout u-container-layout-1\">\n                      <h4 class=\"u-text u-text-1\">Jacqueline Pierson<br>\n                        <span style=\"font-size: 0.875rem;\">secr\u00e9taire d'AMI-PLUS<\/span>\n                        <br>\n                      <\/h4>\n                      <p class=\"u-text u-text-2 translation-block\">Shum\u00eb njer\u00ebz n\u00eb Nancy dhe rrethinat e tij kan\u00eb ndjekur emisionet e saj n\u00eb radio dhe  n\u00eb televizion, p\u00ebr vite me rradh\u00eb. Dhe Jacqueline Pierson \u00ebsht\u00eb gjithmon\u00eb \"on air\", e gjall\u00eb dhe frym\u00ebzuese. Me sa duket, ajo ka qen\u00eb gjithmon\u00eb k\u00ebshtu:\n\n\"E pasionuar q\u00eb n\u00eb mosh\u00ebn 9- vje\u00e7are pas shkrimit t\u00eb pjes\u00ebve t\u00eb shkurtra teatrale, t\u00eb cilat viheshin n\u00eb sken\u00eb nga f\u00ebmij\u00ebt e lagjes, n\u00ebn udh\u00ebheqjen time, m\u00eb pas i orientova zgjedhjet e mia drejt komunikimit, raportimit, drejtimit t\u00eb debateve publike, dhe m\u00eb von\u00eb drejt trainimit profesional n\u00eb fush\u00ebn e burimeve njer\u00ebzore dhe komunikimit.\n\nTani e dal\u00eb n\u00eb pension, asnj\u00eb lib\u00ebr, asnj\u00eb revist\u00eb nuk mund t\u00eb kaloj\u00eb para syve t\u00eb mi ..... pa u gllab\u00ebruar \".<\/p>\n                    <\/div>\n                  <\/div>\n                <\/div>\n              <\/div>\n              <div class=\"u-size-30\">\n                <div class=\"u-layout-col\">\n                  <div class=\"u-container-style u-layout-cell u-size-60 u-layout-cell-2\">\n                    <div class=\"u-container-layout\">\n                      <img decoding=\"async\" class=\"u-image u-preserve-proportions u-image-1\" src=\"http:\/\/pro-ide.fr\/wp-content\/uploads\/2021\/04\/ZhaklinaDrawing.jpg\" data-image-width=\"1600\" data-image-height=\"900\">\n                    <\/div>\n                  <\/div>\n                <\/div>\n              <\/div>\n            <\/div>\n          <\/div>\n        <\/div>\n      <\/div>\n    <\/section>\n    <section class=\"u-clearfix u-section-7\" id=\"sec-5c60\">\n      <div class=\"u-clearfix u-sheet u-sheet-1\">\n        <div class=\"u-clearfix u-expanded-width u-gutter-30 u-layout-wrap u-layout-wrap-1\">\n          <div class=\"u-gutter-0 u-layout\">\n            <div class=\"u-layout-row\">\n              <div class=\"u-size-30\">\n                <div class=\"u-layout-col\">\n                  <div class=\"u-align-left u-container-style u-layout-cell u-left-cell u-size-60 u-layout-cell-1\">\n                    <div class=\"u-container-layout u-container-layout-1\">\n                      <img decoding=\"async\" class=\"u-image u-preserve-proportions u-image-1\" src=\"http:\/\/pro-ide.fr\/wp-content\/uploads\/2021\/04\/PascaleDrawing.jpg\" data-image-width=\"1020\" data-image-height=\"1080\">\n                    <\/div>\n                  <\/div>\n                <\/div>\n              <\/div>\n              <div class=\"u-size-30\">\n                <div class=\"u-layout-col\">\n                  <div class=\"u-container-style u-layout-cell u-size-60 u-layout-cell-2\">\n                    <div class=\"u-container-layout\">\n                      <h4 class=\"u-text u-text-1\">Pascale Mourot<br>\n                        <span style=\"font-size: 0.875rem;\">pr\u00e9sidente d'AMI-PLUS<\/span>\n                        <br>\n                      <\/h4>\n                      <p class=\"u-text u-text-2 translation-block\">Duke dashur q\u00eb n\u00eb mosh\u00eb t\u00eb vog\u00ebl t\u00eb orientohem drejt nj\u00eb profesioni q\u00eb kishte lidhje me f\u00ebmij\u00ebt, un\u00eb zgjodha t\u00eb studioj infermierin\u00eb n\u00eb Psikiatri.\n\nP\u00ebr 18 vite me rradh\u00eb, punova n\u00eb psikiatrin\u00eb e f\u00ebmij\u00ebve dhe ishte nj\u00eb p\u00ebrvoj\u00eb profesionale e pasur me m\u00ebsime mbi marr\u00ebdh\u00ebnien e ndihm\u00ebs dhe teknikat e kujdesit.\nM\u00eb m\u00ebsoi p\u00ebrul\u00ebsin\u00eb dhe nevoj\u00ebn p\u00ebr t\u00eb punuar n\u00eb pasiguri, \u00e7do dit\u00eb. N\u00eb t\u00eb v\u00ebrtet\u00eb, \"kujdesi\" n\u00eb psikiatri nuk lejon nj\u00eb p\u00ebrgjigje t\u00eb shpejt\u00eb dhe universale. K\u00ebrkon t\u00eb ec\u00ebsh me personin n\u00eb krah dhe jo n\u00eb vend t\u00eb tij.\nPuna vetjake, pyetjet e vazhdueshme dhe k\u00ebrkimi i larg\u00ebsis\u00eb s\u00eb duhur nga personi q\u00eb trajtohet m\u00eb kan\u00eb lejuar t\u00eb p\u00ebrqendrohem n\u00eb nevojat dhe burimet e tyre t\u00eb brendshme.\nPastaj kalova drejt profesionit t\u00eb ekzekutivit n\u00eb kujdesint sh\u00ebndet\u00ebsor. Trajnimi i ekipeve dhe pjes\u00ebmarrja n\u00eb projekte t\u00eb ndryshme brenda spitalit m\u00eb m\u00ebsuan m\u00eb shum\u00eb rreth marr\u00ebdh\u00ebnieve njer\u00ebzore. \nK\u00ebnaq\u00ebsia ime e madhe ka qen\u00eb promovimi i kolektivit n\u00eb pun\u00eb, n\u00eb spital dhe me shum\u00eb partner\u00eb n\u00eb qytet.\n\nE angazhuar me Oxfam France, un\u00eb jam nj\u00eb an\u00ebtare aktive e grupit lokal t\u00eb Nancy, e mobilizuar n\u00eb advokaci dhe n\u00eb informimin e qytetar\u00ebve mbi padrejt\u00ebsit\u00eb shoq\u00ebrore dhe varf\u00ebrin\u00eb.<\/p>\n                    <\/div>\n                  <\/div>\n                <\/div>\n              <\/div>\n            <\/div>\n          <\/div>\n        <\/div>\n      <\/div>\n    <\/section>\n    \n    \n    \n  \n<\/div><\/div>","protected":false},"excerpt":{"rendered":"<p>Notre partenaire associatif En mai 2022, nous avons sign\u00e9 une convention de partenariat avec&nbsp;AMI-PLUS, une association fran\u00e7aise, loi 1901. Nous mettons gratuitement \u00e0 sa disposition cette plateforme d&#8217;information, en fournissant \u00e9galement toute l&#8217;assistance technique et la maintenance n\u00e9cessaires. Pourquoi? Parce que nous partageons simplement la m\u00eame mission, la m\u00eame philosophie : une information gratuite, facile [&hellip;]<\/p>","protected":false},"author":1,"featured_media":0,"parent":0,"menu_order":1,"comment_status":"closed","ping_status":"closed","template":"","meta":{"_uag_custom_page_level_css":"","_uf_show_specific_survey":0,"_uf_disable_surveys":false,"site-sidebar-layout":"default","site-content-layout":"default","ast-site-content-layout":"","site-content-style":"default","site-sidebar-style":"default","ast-global-header-display":"","ast-banner-title-visibility":"","ast-main-header-display":"","ast-hfb-above-header-display":"","ast-hfb-below-header-display":"","ast-hfb-mobile-header-display":"","site-post-title":"","ast-breadcrumbs-content":"","ast-featured-img":"","footer-sml-layout":"","theme-transparent-header-meta":"default","adv-header-id-meta":"","stick-header-meta":"","header-above-stick-meta":"","header-main-stick-meta":"","header-below-stick-meta":"","astra-migrate-meta-layouts":"default","ast-page-background-enabled":"default","ast-page-background-meta":{"desktop":{"background-color":"","background-image":"","background-repeat":"repeat","background-position":"center center","background-size":"auto","background-attachment":"scroll","background-type":"","background-media":"","overlay-type":"","overlay-color":"","overlay-opacity":"","overlay-gradient":""},"tablet":{"background-color":"","background-image":"","background-repeat":"repeat","background-position":"center center","background-size":"auto","background-attachment":"scroll","background-type":"","background-media":"","overlay-type":"","overlay-color":"","overlay-opacity":"","overlay-gradient":""},"mobile":{"background-color":"","background-image":"","background-repeat":"repeat","background-position":"center center","background-size":"auto","background-attachment":"scroll","background-type":"","background-media":"","overlay-type":"","overlay-color":"","overlay-opacity":"","overlay-gradient":""}},"ast-content-background-meta":{"desktop":{"background-color":"var(--ast-global-color-5)","background-image":"","background-repeat":"repeat","background-position":"center center","background-size":"auto","background-attachment":"scroll","background-type":"","background-media":"","overlay-type":"","overlay-color":"","overlay-opacity":"","overlay-gradient":""},"tablet":{"background-color":"var(--ast-global-color-5)","background-image":"","background-repeat":"repeat","background-position":"center center","background-size":"auto","background-attachment":"scroll","background-type":"","background-media":"","overlay-type":"","overlay-color":"","overlay-opacity":"","overlay-gradient":""},"mobile":{"background-color":"var(--ast-global-color-5)","background-image":"","background-repeat":"repeat","background-position":"center center","background-size":"auto","background-attachment":"scroll","background-type":"","background-media":"","overlay-type":"","overlay-color":"","overlay-opacity":"","overlay-gradient":""}},"footnotes":""},"uagb_featured_image_src":{"full":false,"thumbnail":false,"medium":false,"medium_large":false,"large":false,"1536x1536":false,"2048x2048":false,"trp-custom-language-flag":false},"uagb_author_info":{"display_name":"Elda Spaho Bleta","author_link":"http:\/\/pro-ide.fr\/al\/author\/admin\/"},"uagb_comment_info":0,"uagb_excerpt":"Notre partenaire associatif En mai 2022, nous avons sign\u00e9 une convention de partenariat avec&nbsp;AMI-PLUS, une association fran\u00e7aise, loi 1901. Nous mettons gratuitement \u00e0 sa disposition cette plateforme d'information, en fournissant \u00e9galement toute l'assistance technique et la maintenance n\u00e9cessaires. Pourquoi? Parce que nous partageons simplement la m\u00eame mission, la m\u00eame philosophie : une information gratuite, facile&hellip;","_links":{"self":[{"href":"http:\/\/pro-ide.fr\/al\/wp-json\/wp\/v2\/pages\/69"}],"collection":[{"href":"http:\/\/pro-ide.fr\/al\/wp-json\/wp\/v2\/pages"}],"about":[{"href":"http:\/\/pro-ide.fr\/al\/wp-json\/wp\/v2\/types\/page"}],"author":[{"embeddable":true,"href":"http:\/\/pro-ide.fr\/al\/wp-json\/wp\/v2\/users\/1"}],"replies":[{"embeddable":true,"href":"http:\/\/pro-ide.fr\/al\/wp-json\/wp\/v2\/comments?post=69"}],"version-history":[{"count":13,"href":"http:\/\/pro-ide.fr\/al\/wp-json\/wp\/v2\/pages\/69\/revisions"}],"predecessor-version":[{"id":1312,"href":"http:\/\/pro-ide.fr\/al\/wp-json\/wp\/v2\/pages\/69\/revisions\/1312"}],"wp:attachment":[{"href":"http:\/\/pro-ide.fr\/al\/wp-json\/wp\/v2\/media?parent=69"}],"curies":[{"name":"wp","href":"https:\/\/api.w.org\/{rel}","templated":true}]}}