{"id":500,"date":"2020-11-14T18:34:45","date_gmt":"2020-11-14T17:34:45","guid":{"rendered":"https:\/\/pro-ide.fr\/?page_id=500"},"modified":"2021-03-18T10:28:34","modified_gmt":"2021-03-18T09:28:34","slug":"500-2","status":"publish","type":"page","link":"http:\/\/pro-ide.fr\/al\/500-2\/","title":{"rendered":"Njoftimi Ligjor"},"content":{"rendered":"<p>Ju lutemi lexoni me kujdes kushtet e ndryshme t\u00eb p\u00ebrdorimit t\u00eb k\u00ebsaj faqeje para se ta shfletoni. Duke u lidhur me k\u00ebt\u00eb faqe, ju i pranoni plot\u00ebsisht k\u00ebto kushte. Gjithashtu, n\u00eb p\u00ebrputhje me nenin 6 \u00b0 t\u00eb Ligjit nr. 2004-575 t\u00eb 21 qershor 2004 p\u00ebr besimin n\u00eb ekonomin\u00eb dixhitale, menaxheri i\u00a0<a rel=\"noreferrer noopener\" href=\"http:\/\/pro-ide.fr\/al\/\" target=\"_blank\">https:\/\/www.pro-ide.fr<\/a>\u00a0\u00ebsht\u00eb:<\/p>\n\n\n\n<p><a href=\"http:\/\/pro-ide.fr\/al\/\">https:\/\/www.pro-ide.fr<\/a>\u00a0 Numri SIRET 88240708300014<\/p>\n\n\n\n<p>Drejtoresh\u00eb editoriale: Elda Bleta 54000, Nancy<\/p>\n\n\n\n<p>Email: contactide54@gmail.com<\/p>\n\n\n\n<p>Site Web :\u00a0<a rel=\"noreferrer noopener\" href=\"http:\/\/pro-ide.fr\/al\/\" target=\"_blank\">https:\/\/www.pro-ide.fr<\/a><\/p>\n\n\n\n<h5 class=\"wp-block-heading\"><strong>Akomodimi<\/strong><\/h5>\n\n\n\n<p>Prit\u00ebsi: PRO-IDE 54000, Uebfaqja  Nancy:\u00a0<a rel=\"noreferrer noopener\" class=\"rank-math-link\" href=\"http:\/\/pro-ide.fr\/al\/\" target=\"_blank\">https:\/\/www.pro-ide.fr<\/a><\/p>\n\n\n\n<h5 class=\"wp-block-heading\"><strong>Zhvillimi teknik\u00a0<\/strong><\/h5>\n\n\n\n<p>Adresa MatrixStudio: 54000, Uebfaqja Nancy: MatrixStudio<\/p>\n\n\n\n<h5 class=\"wp-block-heading\"><strong>Kushtet e p\u00ebrdorimit<\/strong><\/h5>\n\n\n\n<p>Kjo faqe (<a rel=\"noreferrer noopener\" href=\"http:\/\/pro-ide.fr\/al\/\" target=\"_blank\">https:\/\/www.pro-ide.fr<\/a>) \u00ebsht\u00eb e disponueshme n\u00eb gjuh\u00eb t\u00eb ndryshme n\u00eb internet (HTML, HTML5, Javascript, CSS, etj.) P\u00ebr nj\u00eb p\u00ebrdorim m\u00eb t\u00eb mir\u00eb dhe grafik\u00eb m\u00eb t\u00eb k\u00ebndsh\u00ebm, ju k\u00ebshillojm\u00eb q\u00eb t\u00eb p\u00ebrdorni shfletues moderne si Internet explorer, Safari, Firefox, Google Chrome, etj. www.pro-ide.fr zbaton t\u00eb gjitha mjetet n\u00eb gatishm\u00ebri p\u00ebr t\u00eb siguruar t\u00eb dh\u00ebna t\u00eb besueshme dhe p\u00ebrdit\u00ebsim t\u00eb besuesh\u00ebm t\u00eb faqeve t\u00eb saj n\u00eb internet. Sidoqoft\u00eb, mund t\u00eb ndodhin gabime ose l\u00ebshime. P\u00ebrdoruesi duhet t\u00eb siguroj\u00eb sakt\u00ebsin\u00eb e informacionit dhe t\u00eb raportoj\u00eb \u00e7do ndryshim n\u00eb faqe, q\u00eb ai e konsideron t\u00eb dobish\u00ebm. <a rel=\"noreferrer noopener\" href=\"http:\/\/pro-ide.fr\/al\/\" target=\"_blank\">https:\/\/www.pro-ide.fr<\/a> nuk \u00ebsht\u00eb n\u00eb asnj\u00eb m\u00ebnyr\u00eb p\u00ebrgjegj\u00ebse p\u00ebr p\u00ebrdorimin e k\u00ebtij informacioni dhe p\u00ebr \u00e7do d\u00ebm t\u00eb drejtp\u00ebrdrejt\u00eb ose indirekt q\u00eb mund t\u00eb rezultoj\u00eb nga ai.\u00a0<\/p>\n\n\n\n<p><strong>Cookies<\/strong>\u00a0: Siti\u00a0<a rel=\"noreferrer noopener\" href=\"http:\/\/pro-ide.fr\/al\/\" target=\"_blank\">https:\/\/www.pro-ide.fr<\/a>\u00a0mund t'ju k\u00ebrkoj\u00eb t\u00eb pranoni cookies p\u00ebr q\u00ebllime statistikore. Cookie \u00ebsht\u00eb informacioni i vendosur n\u00eb hard diskun tuaj nga serveri i faqes q\u00eb po vizitoni. Ai p\u00ebrmban disa pjes\u00eb t\u00eb t\u00eb dh\u00ebnave q\u00eb jan\u00eb ruajtur n\u00eb kompjuterin tuaj n\u00eb nj\u00eb skedar t\u00eb thjesht\u00eb teksti n\u00eb t\u00eb cilin nj\u00eb server ka qasje p\u00ebr t\u00eb lexuar dhe ruajtur informacionin. Disa pjes\u00eb t\u00eb k\u00ebsaj faqeje mund t\u00eb mos jen\u00eb funksionale pa pranimin e cookies.\u00a0<\/p>\n\n\n\n<p><strong>Hyperlinks:<\/strong>\u00a0Uebsajtet mund t\u00eb ofrojn\u00eb lidhje me faqe t\u00eb tjera n\u00eb internet ose burime t\u00eb tjera t\u00eb disponueshme n\u00eb internet. <a rel=\"noreferrer noopener\" href=\"http:\/\/pro-ide.fr\/al\/\" target=\"_blank\">https:\/\/www.pro-ide.fr<\/a> nuk ka asnj\u00eb m\u00ebnyr\u00eb p\u00ebr t\u00eb kontrolluar faqet n\u00eb lidhje me faqet e saj t\u00eb internetit, nuk p\u00ebrgjigjet p\u00ebr disponueshm\u00ebrin\u00eb e vendeve t\u00eb tilla dhe burimeve t\u00eb jashtme, as nuk e garanton at\u00eb. Sajti nuk mund t\u00eb mbahet p\u00ebrgjegj\u00ebs p\u00ebr ndonj\u00eb d\u00ebm, t\u00eb \u00e7far\u00ebdo natyre, q\u00eb rezulton nga p\u00ebrmbajtja e k\u00ebtyre faqeve ose burime t\u00eb jashtme, dhe ve\u00e7an\u00ebrisht nga informacioni, produktet ose sh\u00ebrbimet q\u00eb ata ofrojn\u00eb, ose nga \u00e7do p\u00ebrdorim q\u00eb mund t\u2019i b\u00ebhet k\u00ebtyre elementeve. Rreziqet q\u00eb lidhen me k\u00ebt\u00eb p\u00ebrdorim bien plot\u00ebsisht mbi p\u00ebrdoruesit e internetit. P\u00ebrdoruesit, pajtimtar\u00ebt dhe vizitor\u00ebt n\u00eb faqet e internetit nuk mund t\u00eb vendosin nj\u00eb link  t\u00eb k\u00ebsaj faqeje pa autorizimin paraprak t\u00eb shprehur t\u00eb <a rel=\"noreferrer noopener\" href=\"http:\/\/pro-ide.fr\/al\/\" target=\"_blank\">https:\/\/www.pro-ide.fr<\/a>. N\u00eb rast se nj\u00eb p\u00ebrdorues ose vizitor d\u00ebshiron t\u00eb krijoj\u00eb nj\u00eb hiperlink n\u00eb nj\u00eb nga faqet e internetit t\u00eb <a rel=\"noreferrer noopener\" href=\"http:\/\/pro-ide.fr\/al\/\" target=\"_blank\">https:\/\/www.pro-ide.fr<\/a> , i takon atij t\u00eb d\u00ebrgoj\u00eb nj\u00eb email t\u00eb arritsh\u00ebm n\u00eb sajt n\u00eb m\u00ebnyr\u00eb q\u00eb t\u00eb formuloj\u00eb k\u00ebrkes\u00ebn e tij. <a rel=\"noreferrer noopener\" href=\"http:\/\/pro-ide.fr\/al\/\" target=\"_blank\">https:\/\/www.pro-ide.fr<\/a> rezervon t\u00eb drejt\u00ebn t\u00eb pranoj\u00eb ose refuzoj\u00eb nj\u00eb hiperlink pa pasur nevoj\u00eb t\u00eb justifikoj\u00eb vendimin e tij.<\/p>\n\n\n\n<h5 class=\"wp-block-heading\"><br><strong>Sh\u00ebrbimet e ofruara<\/strong><\/h5>\n\n\n\n<p>T\u00eb gjitha aktivitetet e kompanis\u00eb dhe informacionet e saj publike jan\u00eb paraqitur n\u00eb faqen ton\u00eb t\u00eb internetit&nbsp;<a href=\"http:\/\/pro-ide.fr\/al\/\" target=\"_blank\" rel=\"noreferrer noopener\">https:\/\/www.pro-ide.fr<\/a>.<\/p>\n\n\n\n<p><a href=\"http:\/\/pro-ide.fr\/al\/\" target=\"_blank\" rel=\"noreferrer noopener\">https:\/\/www.pro-ide.fr<\/a> p\u00ebrpiqet t\u00eb botoj\u00eb informacione sa m\u00eb t\u00eb sakta. Informacioni n\u00eb sajt nuk \u00ebsht\u00eb shterues dhe fotot nuk jan\u00eb kontraktuale. Ata u n\u00ebnshtrohen modifikimeve q\u00eb jan\u00eb b\u00ebr\u00eb q\u00eb kur u vun\u00eb n\u00eb internet. P\u00ebr m\u00eb tep\u00ebr, i gjith\u00eb informacioni i treguar n\u00eb faqen www.pro-ide.fr<strong>&nbsp;<\/strong>jepet vet\u00ebm p\u00ebr informacion dhe ka t\u00eb ngjar\u00eb t\u00eb ndryshoj\u00eb ose t\u00eb zhvillohet pa njoftim.<\/p>\n\n\n\n<h5 class=\"wp-block-heading\"><strong>Kufizimi kontraktual i t\u00eb dh\u00ebnave<\/strong><\/h5>\n\n\n\n<p>Informacioni n\u00eb k\u00ebt\u00eb sajt \u00ebsht\u00eb m\u00eb i sakti I mundsh\u00ebm dhe faqja p\u00ebrdit\u00ebsohet n\u00eb periudha t\u00eb ndryshme t\u00eb vitit, por mund t\u00eb p\u00ebrmbaj\u00eb pasakt\u00ebsi ose gabime teknike. N\u00ebse v\u00ebreni nj\u00eb boshll\u00ebk, gabim ose dicka q\u00eb duket t\u00eb jet\u00eb nj\u00eb mosfunksionim, ju lutemi raportojeni me email n\u00eb contactide54@gmail.com , duke e p\u00ebrshkruar problemin sa m\u00eb sakt\u00eb q\u00eb t\u00eb jet\u00eb e mundur (faqe me problemin, lloji i kompjuterit dhe shfletuesi i p\u00ebrdorur etj.). E gjith\u00eb p\u00ebrmbajtja e shkarkuar b\u00ebhet me p\u00ebrgjegj\u00ebsin\u00eb e vet\u00eb p\u00ebrdoruesit dhe n\u00ebn p\u00ebrgjegj\u00ebsin\u00eb e tij t\u00eb vetme. Si pasoj\u00eb, www.pro-ide.fr nuk mund t\u00eb mbahet p\u00ebrgjegj\u00ebs p\u00ebr ndonj\u00eb d\u00ebmtim t\u00eb kompjuterit t\u00eb p\u00ebrdoruesit ose ndonj\u00eb humbje t\u00eb t\u00eb dh\u00ebnave q\u00eb rezultojn\u00eb nga shkarkimi. P\u00ebr m\u00eb tep\u00ebr, p\u00ebrdoruesi i faqes bie dakord t\u00eb hyj\u00eb n\u00eb sajt duke p\u00ebrdorur pajisje t\u00eb koh\u00ebve t\u00eb fundit, t\u00eb cilat nuk p\u00ebrmbajn\u00eb viruse dhe me nj\u00eb shfletues t\u00eb gjenerat\u00ebs s\u00eb fundit.  \nLidhjet e hipertekstit t\u00eb vendosura brenda korniz\u00ebs s\u00eb k\u00ebsaj faqe interneti n\u00eb drejtim t\u00eb burimeve t\u00eb tjera t\u00eb pranishme n\u00eb rrjetin e internetit nuk mund t\u00eb p\u00ebrfshijn\u00eb p\u00ebrgjegj\u00ebsin\u00eb e <a rel=\"noreferrer noopener\" href=\"http:\/\/pro-ide.fr\/al\/\" target=\"_blank\">https:\/\/www.pro-ide.fr<\/a>.<\/p>\n\n\n\n<h5 class=\"wp-block-heading\"><strong>Pron\u00ebsia intelektuale<\/strong><\/h5>\n\n\n\n<p>E gjith\u00eb p\u00ebrmbajtja n\u00eb faqen\u00a0<a rel=\"noreferrer noopener\" href=\"http:\/\/pro-ide.fr\/al\/\" target=\"_blank\">https:\/\/www.pro-ide.fr<\/a>, duke p\u00ebrfshir\u00eb, pa kufizim, grafik\u00eb, imazhe, tekste, video, animacione, tinguj, logo, gif dhe ikona, si dhe formatimi i tyre jan\u00eb pron\u00eb ekskluzive e kompanis\u00eb, me p\u00ebrjashtim t\u00eb markave tregtare, logove ose p\u00ebrmbajtjes q\u00eb u p\u00ebrkasin kompanive ose autor\u00ebve t\u00eb tjer\u00eb partner\u00eb. \u00c7do riprodhim, shp\u00ebrndarje, ndryshim, p\u00ebrdit\u00ebsim, ritransmetim ose botim, qoft\u00eb edhe i pjessh\u00ebm, i k\u00ebtyre elementeve t\u00eb ndrysh\u00ebm \u00ebsht\u00eb rrept\u00ebsisht i ndaluar pa miratimin e shprehur me shkrim t\u00eb <a rel=\"noreferrer noopener\" href=\"http:\/\/pro-ide.fr\/al\/\" target=\"_blank\">https:\/\/www.pro-ide.fr<\/a>. Ky p\u00ebrfaq\u00ebsim ose riprodhim, me \u00e7far\u00ebdo m\u00ebnyre, p\u00ebrb\u00ebn nj\u00eb shkelje t\u00eb d\u00ebnueshme nga nenet L.335-2 dhe vijues t\u00eb Kodit t\u00eb pron\u00ebs intelektuale. Mosrespektimi i k\u00ebtij ndalimi p\u00ebrb\u00ebn nj\u00eb shkelje q\u00eb mund t\u00eb p\u00ebrfshij\u00eb p\u00ebrgjegj\u00ebsin\u00eb civile dhe penale t\u00eb shkel\u00ebsit. P\u00ebrve\u00e7 k\u00ebsaj, pronar\u00ebt e p\u00ebrmbajtjes s\u00eb kopjuar mund t\u00eb marrin masa ligjore kund\u00ebr jush.<\/p>\n\n\n\n<h5 class=\"wp-block-heading\"><strong>Mosmarr\u00ebveshjet<\/strong><\/h5>\n\n\n\n<p>K\u00ebto kushte perdorimi t\u00eb\u00a0<a rel=\"noreferrer noopener\" href=\"http:\/\/pro-ide.fr\/al\/\" target=\"_blank\">https:\/\/www.pro-ide.fr<\/a>\u00a0rregullohen nga ligji francez dhe \u00e7do mosmarr\u00ebveshje apo proces gjyq\u00ebsor q\u00eb mund t\u00eb lind\u00eb nga interpretimi ose ekzekutimi i tyre do t\u00eb jet\u00eb juridiksioni ekskluziv i gjykatave nga t\u00eb cilat varet selia e kompanis\u00eb. Gjuha e referimit, p\u00ebr zgjidhjen e mosmarr\u00ebveshjeve t\u00eb mundshme, \u00ebsht\u00eb fr\u00ebngjishtja.<\/p>\n\n\n\n<h5 class=\"wp-block-heading\"><strong>T\u00eb dh\u00ebnat vetjake<\/strong><\/h5>\n\n\n\n<p>N\u00eb p\u00ebrgjith\u00ebsi, nga ju nuk k\u00ebrkohet t\u00eb na jepni t\u00eb dh\u00ebnat tuaja vetjake kur vizitoni faqen ton\u00eb t\u00eb internetit\u00a0<a rel=\"noreferrer noopener\" href=\"http:\/\/pro-ide.fr\/al\/\" target=\"_blank\">https:\/\/www.pro-ide.fr<\/a>. Sidoqoft\u00eb, ky parim ka disa p\u00ebrjashtime. N\u00eb t\u00eb v\u00ebrtet\u00eb, p\u00ebr sh\u00ebrbime t\u00eb caktuara t\u00eb ofruara nga faqja jon\u00eb, mund t'ju k\u00ebrkohen t\u00eb dh\u00ebna t\u00eb caktuara si\u00e7 jan\u00eb: mosha juaj, vendbanimi, gjinia. Ky \u00ebsht\u00eb rasti kur plot\u00ebsoni formularin q\u00eb ju ofrohet n\u00eb internet, n\u00eb seksionin \"Kontakt\". N\u00eb \u00e7do rast, ju mund t\u00eb refuzoni t\u00eb jepni t\u00eb dh\u00ebnat tuaja vetjake. \nP\u00ebrfundimisht, ne mund t\u00eb mbledhim automatikisht t\u00eb dh\u00ebna t\u00eb caktuara p\u00ebr ju kur thjesht shfletoni faqen ton\u00eb t\u00eb internetit, n\u00eb ve\u00e7anti: informacione n\u00eb lidhje me p\u00ebrdorimin e faqes son\u00eb, t\u00eb tilla si zonat q\u00eb vizitoni dhe sh\u00ebrbimet q\u00eb p\u00ebrdorni, IP e adres\u00ebs tuaj, lloji i shfletuesit tuaj, koh\u00ebt tuaja t\u00eb hyrjes . Nj\u00eb informacion i till\u00eb p\u00ebrdoret ekskluzivisht p\u00ebr q\u00ebllime t\u00eb brendshme statistikore, n\u00eb m\u00ebnyr\u00eb q\u00eb t\u00eb p\u00ebrmir\u00ebsoj\u00eb cil\u00ebsin\u00eb e sh\u00ebrbimeve t\u00eb ofruara p\u00ebr ju. Bazat e t\u00eb dh\u00ebnave mbrohen nga dispozitat e ligjit t\u00eb 1 korrikut 1998 p\u00ebr transpozimin e Direktiv\u00ebs 96\/9 t\u00eb 11 marsit 1996 mbi mbrojtjen ligjore t\u00eb bazave t\u00eb t\u00eb dh\u00ebnave.<\/p>","protected":false},"excerpt":{"rendered":"<p>Merci de lire avec attention les diff\u00e9rentes modalit\u00e9s d\u2019utilisation du pr\u00e9sent site avant d\u2019y parcourir ses pages. En vous connectant sur ce site, vous acceptez sans r\u00e9serves les pr\u00e9sentes modalit\u00e9s. Aussi, conform\u00e9ment \u00e0 l\u2019article n\u00b06 de la Loi n\u00b02004-575 du 21 Juin 2004 pour la confiance dans l\u2019\u00e9conomie num\u00e9rique, le responsable du pr\u00e9sent site internet\u00a0www.pro-ide.fr\u00a0sont [&hellip;]<\/p>","protected":false},"author":1,"featured_media":0,"parent":0,"menu_order":0,"comment_status":"closed","ping_status":"closed","template":"","meta":{"_uag_custom_page_level_css":"","_uf_show_specific_survey":0,"_uf_disable_surveys":false,"site-sidebar-layout":"default","site-content-layout":"default","ast-site-content-layout":"","site-content-style":"default","site-sidebar-style":"default","ast-global-header-display":"","ast-banner-title-visibility":"","ast-main-header-display":"","ast-hfb-above-header-display":"","ast-hfb-below-header-display":"","ast-hfb-mobile-header-display":"","site-post-title":"","ast-breadcrumbs-content":"","ast-featured-img":"","footer-sml-layout":"","theme-transparent-header-meta":"enabled","adv-header-id-meta":"","stick-header-meta":"","header-above-stick-meta":"","header-main-stick-meta":"","header-below-stick-meta":"","astra-migrate-meta-layouts":"default","ast-page-background-enabled":"default","ast-page-background-meta":{"desktop":{"background-color":"","background-image":"","background-repeat":"repeat","background-position":"center center","background-size":"auto","background-attachment":"scroll","background-type":"","background-media":"","overlay-type":"","overlay-color":"","overlay-opacity":"","overlay-gradient":""},"tablet":{"background-color":"","background-image":"","background-repeat":"repeat","background-position":"center center","background-size":"auto","background-attachment":"scroll","background-type":"","background-media":"","overlay-type":"","overlay-color":"","overlay-opacity":"","overlay-gradient":""},"mobile":{"background-color":"","background-image":"","background-repeat":"repeat","background-position":"center center","background-size":"auto","background-attachment":"scroll","background-type":"","background-media":"","overlay-type":"","overlay-color":"","overlay-opacity":"","overlay-gradient":""}},"ast-content-background-meta":{"desktop":{"background-color":"var(--ast-global-color-5)","background-image":"","background-repeat":"repeat","background-position":"center center","background-size":"auto","background-attachment":"scroll","background-type":"","background-media":"","overlay-type":"","overlay-color":"","overlay-opacity":"","overlay-gradient":""},"tablet":{"background-color":"var(--ast-global-color-5)","background-image":"","background-repeat":"repeat","background-position":"center center","background-size":"auto","background-attachment":"scroll","background-type":"","background-media":"","overlay-type":"","overlay-color":"","overlay-opacity":"","overlay-gradient":""},"mobile":{"background-color":"var(--ast-global-color-5)","background-image":"","background-repeat":"repeat","background-position":"center center","background-size":"auto","background-attachment":"scroll","background-type":"","background-media":"","overlay-type":"","overlay-color":"","overlay-opacity":"","overlay-gradient":""}},"footnotes":""},"uagb_featured_image_src":{"full":false,"thumbnail":false,"medium":false,"medium_large":false,"large":false,"1536x1536":false,"2048x2048":false,"trp-custom-language-flag":false},"uagb_author_info":{"display_name":"Elda Spaho Bleta","author_link":"http:\/\/pro-ide.fr\/al\/author\/admin\/"},"uagb_comment_info":0,"uagb_excerpt":"Merci de lire avec attention les diff\u00e9rentes modalit\u00e9s d\u2019utilisation du pr\u00e9sent site avant d\u2019y parcourir ses pages. En vous connectant sur ce site, vous acceptez sans r\u00e9serves les pr\u00e9sentes modalit\u00e9s. Aussi, conform\u00e9ment \u00e0 l\u2019article n\u00b06 de la Loi n\u00b02004-575 du 21 Juin 2004 pour la confiance dans l\u2019\u00e9conomie num\u00e9rique, le responsable du pr\u00e9sent site internet\u00a0www.pro-ide.fr\u00a0sont&hellip;","_links":{"self":[{"href":"http:\/\/pro-ide.fr\/al\/wp-json\/wp\/v2\/pages\/500"}],"collection":[{"href":"http:\/\/pro-ide.fr\/al\/wp-json\/wp\/v2\/pages"}],"about":[{"href":"http:\/\/pro-ide.fr\/al\/wp-json\/wp\/v2\/types\/page"}],"author":[{"embeddable":true,"href":"http:\/\/pro-ide.fr\/al\/wp-json\/wp\/v2\/users\/1"}],"replies":[{"embeddable":true,"href":"http:\/\/pro-ide.fr\/al\/wp-json\/wp\/v2\/comments?post=500"}],"version-history":[{"count":9,"href":"http:\/\/pro-ide.fr\/al\/wp-json\/wp\/v2\/pages\/500\/revisions"}],"predecessor-version":[{"id":677,"href":"http:\/\/pro-ide.fr\/al\/wp-json\/wp\/v2\/pages\/500\/revisions\/677"}],"wp:attachment":[{"href":"http:\/\/pro-ide.fr\/al\/wp-json\/wp\/v2\/media?parent=500"}],"curies":[{"name":"wp","href":"https:\/\/api.w.org\/{rel}","templated":true}]}}