{"id":455,"date":"2020-11-01T21:50:04","date_gmt":"2020-11-01T21:50:04","guid":{"rendered":"https:\/\/pro-ide.fr\/?page_id=455"},"modified":"2020-11-13T14:32:08","modified_gmt":"2020-11-13T13:32:08","slug":"contact","status":"publish","type":"page","link":"http:\/\/pro-ide.fr\/al\/contact\/","title":{"rendered":"Na kontaktoni"},"content":{"rendered":"<div class=\"wp-block-group\"><div class=\"wp-block-group__inner-container is-layout-flow wp-block-group-is-layout-flow\">\n<p>Keni nj\u00eb pyetje t\u00eb ve\u00e7ant\u00eb n\u00eb lidhje me procedurat ligjore n\u00eb Franc\u00eb, me shkollimin, me kurset e gjuh\u00ebs, me pun\u00ebsimin etj ?&nbsp;<\/p>\n\n\n\n<p class=\" translation-block\">Apo keni nevoj\u00eb p\u00ebr p\u00ebrkthime, p\u00ebr k\u00ebshilla, p\u00ebr mbushje formular\u00ebsh? \n<br>Ne ju nxisim t\u00eb na shkruani n\u00eb cil\u00ebn gjuh\u00eb t\u00eb doni (shqip, anglisht, fr\u00ebngjisht).<\/p>\n\n\n\n<p class=\"has-normal-font-size\">Kjo platform\u00eb \u00ebsht\u00eb n\u00eb sh\u00ebrbim t\u00eb emigrant\u00ebve dhe organizatave&nbsp;<\/p>\n\n\n\n<p>Na d\u00ebrgoni k\u00ebtu m\u00eb posht\u00eb nj\u00eb mesazh t\u00eb shkurt\u00ebr dhe ne do t\u2019ju p\u00ebrgjigjemi shum\u00eb shpejt.<\/p>\n<\/div><\/div>\n\n\n\t\t\t\t<div class = \"wp-block-uagb-cf7-styler uagb-cf7-styler__outer-wrap uagb-block-98f1a274\">\n\t\t\t\t\t<div class = \"uagb-cf7-styler__align-left uagb-cf7-styler__field-style-box uagb-cf7-styler__btn-align-left uagb-cf7-styler__btn-align-tablet- uagb-cf7-styler__btn-align-mobile- uagb-cf7-styler__highlight-style-default uagb-cf7-styler__check-style-enabled\">\n\t\t\t\t\t<div class=\"wpcf7 no-js\" id=\"wpcf7-f199-o1\" lang=\"en-US\" dir=\"ltr\">\n<div class=\"screen-reader-response\"><p role=\"status\" aria-live=\"polite\" aria-atomic=\"true\"><\/p> <ul><\/ul><\/div>\n<form action=\"\/al\/wp-json\/wp\/v2\/pages\/455#wpcf7-f199-o1\" method=\"post\" class=\"wpcf7-form init\" aria-label=\"Contact form\" novalidate=\"novalidate\" data-status=\"init\" data-trp-original-action=\"\/al\/wp-json\/wp\/v2\/pages\/455#wpcf7-f199-o1\">\n<div style=\"display: none;\">\n<input type=\"hidden\" name=\"_wpcf7\" value=\"199\" \/>\n<input type=\"hidden\" name=\"_wpcf7_version\" value=\"5.7.2\" \/>\n<input type=\"hidden\" name=\"_wpcf7_locale\" value=\"en_US\" \/>\n<input type=\"hidden\" name=\"_wpcf7_unit_tag\" value=\"wpcf7-f199-o1\" \/>\n<input type=\"hidden\" name=\"_wpcf7_container_post\" value=\"0\" \/>\n<input type=\"hidden\" name=\"_wpcf7_posted_data_hash\" value=\"\" \/>\n<\/div>\n<p><label> Your Name (required)<br \/>\n<span class=\"wpcf7-form-control-wrap\" data-name=\"your-name\"><input size=\"40\" class=\"wpcf7-form-control wpcf7-text wpcf7-validates-as-required\" aria-required=\"true\" aria-invalid=\"false\" value=\"\" type=\"text\" name=\"your-name\" \/><\/span> <\/label>\n<\/p>\n<p><label> Your Email (required)<br \/>\n<span class=\"wpcf7-form-control-wrap\" data-name=\"your-email\"><input size=\"40\" class=\"wpcf7-form-control wpcf7-text wpcf7-email wpcf7-validates-as-required wpcf7-validates-as-email\" aria-required=\"true\" aria-invalid=\"false\" value=\"\" type=\"email\" name=\"your-email\" \/><\/span> <\/label>\n<\/p>\n<p><label> Subject<br \/>\n<span class=\"wpcf7-form-control-wrap\" data-name=\"your-subject\"><input size=\"40\" class=\"wpcf7-form-control wpcf7-text\" aria-invalid=\"false\" value=\"\" type=\"text\" name=\"your-subject\" \/><\/span> <\/label>\n<\/p>\n<p><label> Your Message<br \/>\n<span class=\"wpcf7-form-control-wrap\" data-name=\"your-message\"><textarea cols=\"40\" rows=\"10\" class=\"wpcf7-form-control wpcf7-textarea\" aria-invalid=\"false\" name=\"your-message\"><\/textarea><\/span> <\/label>\n<\/p>\n<p><span class=\"wpcf7-form-control-wrap\" data-name=\"math-quiz\"><label><span class=\"wpcf7-quiz-label\">9+3=?<\/span> <input size=\"40\" class=\"wpcf7-form-control wpcf7-quiz\" autocomplete=\"off\" aria-required=\"true\" aria-invalid=\"false\" type=\"text\" name=\"math-quiz\" \/><\/label><input type=\"hidden\" name=\"_wpcf7_quiz_answer_math-quiz\" value=\"9c5e6aebe99d641f99777b4579a868a0\" \/><\/span>\n<\/p>\n<p><input class=\"wpcf7-form-control has-spinner wpcf7-submit\" type=\"submit\" value=\"Send\" \/>\n<\/p><input type=\"hidden\" id=\"ct_checkjs_cf7_f2217062e9a397a1dca429e7d70bc6ca\" name=\"ct_checkjs_cf7\" value=\"0\" \/><script >setTimeout(function(){var ct_input_name = \"ct_checkjs_cf7_f2217062e9a397a1dca429e7d70bc6ca\";if (document.getElementById(ct_input_name) !== null) {var ct_input_value = document.getElementById(ct_input_name).value;document.getElementById(ct_input_name).value = document.getElementById(ct_input_name).value.replace(ct_input_value, '1420461063');}}, 1000);<\/script><label class=\"apbct_special_field\" id=\"apbct_label_id57043\" for=\"apbct__email_id__wp_contact_form_7_57043\">57043<\/label><input \n        id=\"apbct__email_id__wp_contact_form_7_57043\" \n        class=\"apbct_special_field apbct__email_id__wp_contact_form_7\"\n        autocomplete=\"off\" \n        name=\"apbct__email_id__wp_contact_form_7_57043\"  \n        type=\"text\" \n        value=\"57043\" \n        size=\"30\" \n        apbct_event_id=\"57043\"\n        maxlength=\"200\" \n    \/><input \n        id=\"apbct_event_id\"\n        class=\"apbct_special_field\"\n        name=\"apbct_event_id\"\n        type=\"hidden\" \n        value=\"57043\" \n            \/><div class=\"wpcf7-response-output\" aria-hidden=\"true\"><\/div><input type=\"hidden\" name=\"trp-form-language\" value=\"al\"\/><\/form><\/div>\t\t\t\t\t<\/div>\n\t\t\t\t<\/div>","protected":false},"excerpt":{"rendered":"<p>Vous avez une question sp\u00e9cifique sur les proc\u00e9dures l\u00e9gales en France, la scolarit\u00e9, les cours de langue, l&#8217;emploi etc?&nbsp; Ou vous avez besoin de traductions, de conseils, de r\u00e9daction des formulaires?\u00a0Nous vous encourageons \u00e0 nous \u00e9crire dans la langue de votre choix (albanais, anglais, fran\u00e7ais).\u00a0 Cette plateforme est au service des immigr\u00e9s et des organisations.&nbsp; [&hellip;]<\/p>","protected":false},"author":1,"featured_media":0,"parent":0,"menu_order":0,"comment_status":"closed","ping_status":"closed","template":"","meta":{"_uag_custom_page_level_css":"","_uf_show_specific_survey":0,"_uf_disable_surveys":false,"site-sidebar-layout":"default","site-content-layout":"default","ast-site-content-layout":"","site-content-style":"default","site-sidebar-style":"default","ast-global-header-display":"","ast-banner-title-visibility":"","ast-main-header-display":"","ast-hfb-above-header-display":"","ast-hfb-below-header-display":"","ast-hfb-mobile-header-display":"","site-post-title":"","ast-breadcrumbs-content":"","ast-featured-img":"","footer-sml-layout":"","theme-transparent-header-meta":"default","adv-header-id-meta":"","stick-header-meta":"","header-above-stick-meta":"","header-main-stick-meta":"","header-below-stick-meta":"","astra-migrate-meta-layouts":"default","ast-page-background-enabled":"default","ast-page-background-meta":{"desktop":{"background-color":"","background-image":"","background-repeat":"repeat","background-position":"center center","background-size":"auto","background-attachment":"scroll","background-type":"","background-media":"","overlay-type":"","overlay-color":"","overlay-opacity":"","overlay-gradient":""},"tablet":{"background-color":"","background-image":"","background-repeat":"repeat","background-position":"center center","background-size":"auto","background-attachment":"scroll","background-type":"","background-media":"","overlay-type":"","overlay-color":"","overlay-opacity":"","overlay-gradient":""},"mobile":{"background-color":"","background-image":"","background-repeat":"repeat","background-position":"center center","background-size":"auto","background-attachment":"scroll","background-type":"","background-media":"","overlay-type":"","overlay-color":"","overlay-opacity":"","overlay-gradient":""}},"ast-content-background-meta":{"desktop":{"background-color":"var(--ast-global-color-5)","background-image":"","background-repeat":"repeat","background-position":"center center","background-size":"auto","background-attachment":"scroll","background-type":"","background-media":"","overlay-type":"","overlay-color":"","overlay-opacity":"","overlay-gradient":""},"tablet":{"background-color":"var(--ast-global-color-5)","background-image":"","background-repeat":"repeat","background-position":"center center","background-size":"auto","background-attachment":"scroll","background-type":"","background-media":"","overlay-type":"","overlay-color":"","overlay-opacity":"","overlay-gradient":""},"mobile":{"background-color":"var(--ast-global-color-5)","background-image":"","background-repeat":"repeat","background-position":"center center","background-size":"auto","background-attachment":"scroll","background-type":"","background-media":"","overlay-type":"","overlay-color":"","overlay-opacity":"","overlay-gradient":""}},"footnotes":""},"uagb_featured_image_src":{"full":false,"thumbnail":false,"medium":false,"medium_large":false,"large":false,"1536x1536":false,"2048x2048":false,"trp-custom-language-flag":false},"uagb_author_info":{"display_name":"Elda Spaho Bleta","author_link":"http:\/\/pro-ide.fr\/al\/author\/admin\/"},"uagb_comment_info":0,"uagb_excerpt":"Vous avez une question sp\u00e9cifique sur les proc\u00e9dures l\u00e9gales en France, la scolarit\u00e9, les cours de langue, l&#8217;emploi etc?&nbsp; Ou vous avez besoin de traductions, de conseils, de r\u00e9daction des formulaires?\u00a0Nous vous encourageons \u00e0 nous \u00e9crire dans la langue de votre choix (albanais, anglais, fran\u00e7ais).\u00a0 Cette plateforme est au service des immigr\u00e9s et des organisations.&nbsp;&hellip;","_links":{"self":[{"href":"http:\/\/pro-ide.fr\/al\/wp-json\/wp\/v2\/pages\/455"}],"collection":[{"href":"http:\/\/pro-ide.fr\/al\/wp-json\/wp\/v2\/pages"}],"about":[{"href":"http:\/\/pro-ide.fr\/al\/wp-json\/wp\/v2\/types\/page"}],"author":[{"embeddable":true,"href":"http:\/\/pro-ide.fr\/al\/wp-json\/wp\/v2\/users\/1"}],"replies":[{"embeddable":true,"href":"http:\/\/pro-ide.fr\/al\/wp-json\/wp\/v2\/comments?post=455"}],"version-history":[{"count":3,"href":"http:\/\/pro-ide.fr\/al\/wp-json\/wp\/v2\/pages\/455\/revisions"}],"predecessor-version":[{"id":498,"href":"http:\/\/pro-ide.fr\/al\/wp-json\/wp\/v2\/pages\/455\/revisions\/498"}],"wp:attachment":[{"href":"http:\/\/pro-ide.fr\/al\/wp-json\/wp\/v2\/media?parent=455"}],"curies":[{"name":"wp","href":"https:\/\/api.w.org\/{rel}","templated":true}]}}